{"id":651,"date":"2014-07-18T15:19:22","date_gmt":"2014-07-18T15:19:22","guid":{"rendered":"http:\/\/ingelyt.com\/?page_id=651"},"modified":"2021-05-26T09:02:41","modified_gmt":"2021-05-26T09:02:41","slug":"equipamiento","status":"publish","type":"page","link":"https:\/\/ingelyt.com\/fr\/equipement\/equipements-pharmaceutiques","title":{"rendered":"\u00c9quipements pharmaceutiques"},"content":{"rendered":"<p><strong>Lapeyra &amp;Taltavull<\/strong>, la compagnie dont il fait partie INGELYT est leader dans la fourniture d&rsquo;\u00e9quipes sp\u00e9ciales pour le processus et le packaging dans l&rsquo;industrie pharmaceutique, chimique et cosm\u00e9tique.<br \/>\nCe sont 75 ans de service bas\u00e9s sur la qualit\u00e9 de nos m\u00e9thodes et \u00e9quipes, en focalisant toujours des efforts dans trouver les solutions parfaites pour chaque projet.<\/p>\n<p>Pour le Groupe Lapeyra &amp;Taltavull la satisfaction et la confiance des clients est synonyme d&rsquo;une qualit\u00e9, ainsi que son inspiration et exp\u00e9rience de nouvelles id\u00e9es ce qui nous aideront \u00e0 grandir dans le d\u00e9veloppement et l&rsquo;impl\u00e9mentation d&rsquo;innovations.<br \/>\nNous nous concentrons dans des processus complets et personnalis\u00e9s, pour des formes solides, des liquides (st\u00e9riles et non st\u00e9riles) et semisolides (des cr\u00e8mes) en couvrant les services suivants:<\/p>\n<ul>\n<li>D\u00e9veloppement du projet<\/li>\n<li>Software de contr\u00f4le de processus<\/li>\n<li>FAT et SAT<\/li>\n<li>Validation, Qualification et calibration<\/li>\n<li>Maintenance<\/li>\n<li>Cours de formation<\/li>\n<li>Pi\u00e8ces de rechange<\/li>\n<\/ul>\n<h2 class=\"bg-verde\">Processus<\/h2>\n<h3 class=\"section-margin-bottom\">Forme Solides:<\/h3>\n<h4>LB Bohle <a href=\"http:\/\/www.lbbohle.de\" target=\"_blank\" rel=\"noopener\">http:\/\/www.lbbohle.de<\/a><\/h4>\n<ul>\n<li>(Handling) Bins, m\u00e9langeurs, colonnes de levage, tamis\u00e9e<\/li>\n<li>Granulation humide: granulateur, lit fluide, Single Pot, Unit\u00e9 Compact granulateur + lit fluide, Continuum<\/li>\n<li>Granulation Via sec: BRC<\/li>\n<li>Rev\u00eatement<\/li>\n<\/ul>\n<h3 class=\"section-margin-bottom\">Formes liquides:<\/h3>\n<h4>Becomix <a href=\"http:\/\/www.becomix.de\" target=\"_blank\" rel=\"noopener\">http:\/\/www.becomix.de<\/a><\/h4>\n<ul>\n<li>R\u00e9acteurs<\/li>\n<li>Injectables<\/li>\n<\/ul>\n<h3 class=\"section-margin-bottom\">Cr\u00e8mes:<\/h3>\n<h4>Becomix <a href=\"http:\/\/www.becomix.de\" target=\"_blank\" rel=\"noopener\">http:\/\/www.becomix.de<\/a><\/h4>\n<ul>\n<li>Homogenizers<\/li>\n<li>Cr\u00e8mes pharmaceutiques et cosm\u00e9tiques<\/li>\n<li>M\u00e9langeurs en ligne<\/li>\n<li>Dentifrice<\/li>\n<li>Production lipstick<\/li>\n<li>Suppositoires<\/li>\n<\/ul>\n<h4>IWK <a href=\"http:\/\/www.iwk.de\" target=\"_blank\" rel=\"noopener\">http:\/\/www.iwk.de<\/a><\/h4>\n<ul>\n<li>Remplissage et scellage de tube de plastique stratifi\u00e9 et d&rsquo;aluminium (insufflation d&rsquo;azote, tuve de marquage, lecture de code, contr\u00f4le de poids en ligne)<\/li>\n<li>Assortiments sp\u00e9ciales des vitesses \u00e9lev\u00e9es<\/li>\n<\/ul>\n<h2 class=\"bg-verde\">Packaging<\/h2>\n<h4>IWK <a href=\"http:\/\/www.iwk.de\" target=\"_blank\" rel=\"noopener\">http:\/\/www.iwk.de<\/a><\/h4>\n<ul>\n<li>Remplissage et scellage de tube de plastique stratifi\u00e9 et d&rsquo;aluminium (insufflation d&rsquo;azote, tuve de marquage, lecture de code, contr\u00f4le de poids en ligne)<\/li>\n<li>Assortiments sp\u00e9ciales des vitesses \u00e9lev\u00e9es<\/li>\n<li>Assortiments Vertical<\/li>\n<\/ul>\n<h4>Rohrer <a href=\"http:\/\/www.rohrer.de\" target=\"_blank\" rel=\"noopener\">http:\/\/www.rohrer.de<\/a><\/h4>\n<ul>\n<li>Applications sp\u00e9ciales blister<\/li>\n<li>Blister lyophilis\u00e9e<\/li>\n<\/ul>\n<h4>Optima Life Science <a href=\"http:\/\/www.optima-packaging-group.de\/opg\/medicon\/de\/home\/home.php5\" target=\"_blank\" rel=\"noopener\">http:\/\/www.optima-packaging-group.de\/opg\/medicon\/de\/home\/home.php5<\/a><\/h4>\n<ul style=\"margin-bottom: 80px;\">\n<li>Processus complet de test Elisa<\/li>\n<\/ul>\n","protected":false},"excerpt":{"rendered":"<p>Lapeyra &amp;Taltavull, la compagnie dont il fait partie INGELYT est leader dans la fourniture d&rsquo;\u00e9quipes sp\u00e9ciales pour le processus et le packaging dans l&rsquo;industrie pharmaceutique, chimique et cosm\u00e9tique. Ce sont 75 ans de service bas\u00e9s sur la qualit\u00e9 de nos [&#8230;]<\/p>\n","protected":false},"author":1,"featured_media":0,"parent":23,"menu_order":0,"comment_status":"open","ping_status":"open","template":"","meta":{"footnotes":""},"class_list":["post-651","page","type-page","status-publish","hentry"],"yoast_head":"<!-- This site is optimized with the Yoast SEO plugin v24.0 - https:\/\/yoast.com\/wordpress\/plugins\/seo\/ -->\n<title>\u00c9quipements pharmaceutiques - Ing\u00e9nierie de salles blanches - Ingelyt - Ing\u00e9nierie et installations<\/title>\n<meta name=\"description\" content=\"\u00c0 Ingelyt nous sommes des professionnels avec une haute qualification et exp\u00e9rience en \u00c9quipements pharmaceutiques pour l&#039;ing\u00e9nierie d&#039;installation de salles blanches et conseil pharmaceutique.\" \/>\n<meta name=\"robots\" content=\"index, follow, max-snippet:-1, max-image-preview:large, max-video-preview:-1\" \/>\n<link rel=\"canonical\" href=\"https:\/\/ingelyt.com\/fr\/equipement\/equipements-pharmaceutiques\/\" \/>\n<meta property=\"og:locale\" content=\"fr_FR\" \/>\n<meta property=\"og:type\" content=\"article\" \/>\n<meta property=\"og:title\" content=\"\u00c9quipements pharmaceutiques - Ing\u00e9nierie de salles blanches - Ingelyt - Ing\u00e9nierie et installations\" \/>\n<meta property=\"og:description\" content=\"\u00c0 Ingelyt nous sommes des professionnels avec une haute qualification et exp\u00e9rience en \u00c9quipements pharmaceutiques pour l&#039;ing\u00e9nierie d&#039;installation de salles blanches et conseil pharmaceutique.\" \/>\n<meta property=\"og:url\" content=\"https:\/\/ingelyt.com\/fr\/equipement\/equipements-pharmaceutiques\/\" \/>\n<meta property=\"og:site_name\" content=\"Ingelyt - Ing\u00e9nierie et installations\" \/>\n<meta property=\"article:modified_time\" content=\"2021-05-26T09:02:41+00:00\" \/>\n<meta name=\"twitter:card\" content=\"summary_large_image\" \/>\n<meta name=\"twitter:label1\" content=\"Dur\u00e9e de lecture estim\u00e9e\" \/>\n\t<meta name=\"twitter:data1\" content=\"2 minutes\" \/>\n<script type=\"application\/ld+json\" class=\"yoast-schema-graph\">{\"@context\":\"https:\/\/schema.org\",\"@graph\":[{\"@type\":\"WebPage\",\"@id\":\"https:\/\/ingelyt.com\/fr\/equipement\/equipements-pharmaceutiques\/\",\"url\":\"https:\/\/ingelyt.com\/fr\/equipement\/equipements-pharmaceutiques\/\",\"name\":\"\u00c9quipements pharmaceutiques - Ing\u00e9nierie de salles blanches - Ingelyt - Ing\u00e9nierie et installations\",\"isPartOf\":{\"@id\":\"https:\/\/ingelyt.com\/fr\/#website\"},\"datePublished\":\"2014-07-18T15:19:22+00:00\",\"dateModified\":\"2021-05-26T09:02:41+00:00\",\"description\":\"\u00c0 Ingelyt nous sommes des professionnels avec une haute qualification et exp\u00e9rience en \u00c9quipements pharmaceutiques pour l'ing\u00e9nierie d'installation de salles blanches et conseil pharmaceutique.\",\"breadcrumb\":{\"@id\":\"https:\/\/ingelyt.com\/fr\/equipement\/equipements-pharmaceutiques\/#breadcrumb\"},\"inLanguage\":\"fr-FR\",\"potentialAction\":[{\"@type\":\"ReadAction\",\"target\":[\"https:\/\/ingelyt.com\/fr\/equipement\/equipements-pharmaceutiques\/\"]}]},{\"@type\":\"BreadcrumbList\",\"@id\":\"https:\/\/ingelyt.com\/fr\/equipement\/equipements-pharmaceutiques\/#breadcrumb\",\"itemListElement\":[{\"@type\":\"ListItem\",\"position\":1,\"name\":\"Acceuil\",\"item\":\"https:\/\/ingelyt.com\/fr\/\"},{\"@type\":\"ListItem\",\"position\":2,\"name\":\"\u00c9quipement\",\"item\":\"https:\/\/ingelyt.com\/fr\/equipement\/\"},{\"@type\":\"ListItem\",\"position\":3,\"name\":\"\u00c9quipements pharmaceutiques\"}]},{\"@type\":\"WebSite\",\"@id\":\"https:\/\/ingelyt.com\/fr\/#website\",\"url\":\"https:\/\/ingelyt.com\/fr\/\",\"name\":\"Ingelyt - Ing\u00e9nierie et installations\",\"description\":\"\",\"potentialAction\":[{\"@type\":\"SearchAction\",\"target\":{\"@type\":\"EntryPoint\",\"urlTemplate\":\"https:\/\/ingelyt.com\/fr\/?s={search_term_string}\"},\"query-input\":{\"@type\":\"PropertyValueSpecification\",\"valueRequired\":true,\"valueName\":\"search_term_string\"}}],\"inLanguage\":\"fr-FR\"}]}<\/script>\n<!-- \/ Yoast SEO plugin. -->","yoast_head_json":{"title":"\u00c9quipements pharmaceutiques - Ing\u00e9nierie de salles blanches - Ingelyt - Ing\u00e9nierie et installations","description":"\u00c0 Ingelyt nous sommes des professionnels avec une haute qualification et exp\u00e9rience en \u00c9quipements pharmaceutiques pour l'ing\u00e9nierie d'installation de salles blanches et conseil pharmaceutique.","robots":{"index":"index","follow":"follow","max-snippet":"max-snippet:-1","max-image-preview":"max-image-preview:large","max-video-preview":"max-video-preview:-1"},"canonical":"https:\/\/ingelyt.com\/fr\/equipement\/equipements-pharmaceutiques\/","og_locale":"fr_FR","og_type":"article","og_title":"\u00c9quipements pharmaceutiques - Ing\u00e9nierie de salles blanches - Ingelyt - Ing\u00e9nierie et installations","og_description":"\u00c0 Ingelyt nous sommes des professionnels avec une haute qualification et exp\u00e9rience en \u00c9quipements pharmaceutiques pour l'ing\u00e9nierie d'installation de salles blanches et conseil pharmaceutique.","og_url":"https:\/\/ingelyt.com\/fr\/equipement\/equipements-pharmaceutiques\/","og_site_name":"Ingelyt - Ing\u00e9nierie et installations","article_modified_time":"2021-05-26T09:02:41+00:00","twitter_card":"summary_large_image","twitter_misc":{"Dur\u00e9e de lecture estim\u00e9e":"2 minutes"},"schema":{"@context":"https:\/\/schema.org","@graph":[{"@type":"WebPage","@id":"https:\/\/ingelyt.com\/fr\/equipement\/equipements-pharmaceutiques\/","url":"https:\/\/ingelyt.com\/fr\/equipement\/equipements-pharmaceutiques\/","name":"\u00c9quipements pharmaceutiques - Ing\u00e9nierie de salles blanches - Ingelyt - Ing\u00e9nierie et installations","isPartOf":{"@id":"https:\/\/ingelyt.com\/fr\/#website"},"datePublished":"2014-07-18T15:19:22+00:00","dateModified":"2021-05-26T09:02:41+00:00","description":"\u00c0 Ingelyt nous sommes des professionnels avec une haute qualification et exp\u00e9rience en \u00c9quipements pharmaceutiques pour l'ing\u00e9nierie d'installation de salles blanches et conseil pharmaceutique.","breadcrumb":{"@id":"https:\/\/ingelyt.com\/fr\/equipement\/equipements-pharmaceutiques\/#breadcrumb"},"inLanguage":"fr-FR","potentialAction":[{"@type":"ReadAction","target":["https:\/\/ingelyt.com\/fr\/equipement\/equipements-pharmaceutiques\/"]}]},{"@type":"BreadcrumbList","@id":"https:\/\/ingelyt.com\/fr\/equipement\/equipements-pharmaceutiques\/#breadcrumb","itemListElement":[{"@type":"ListItem","position":1,"name":"Acceuil","item":"https:\/\/ingelyt.com\/fr\/"},{"@type":"ListItem","position":2,"name":"\u00c9quipement","item":"https:\/\/ingelyt.com\/fr\/equipement\/"},{"@type":"ListItem","position":3,"name":"\u00c9quipements pharmaceutiques"}]},{"@type":"WebSite","@id":"https:\/\/ingelyt.com\/fr\/#website","url":"https:\/\/ingelyt.com\/fr\/","name":"Ingelyt - Ing\u00e9nierie et installations","description":"","potentialAction":[{"@type":"SearchAction","target":{"@type":"EntryPoint","urlTemplate":"https:\/\/ingelyt.com\/fr\/?s={search_term_string}"},"query-input":{"@type":"PropertyValueSpecification","valueRequired":true,"valueName":"search_term_string"}}],"inLanguage":"fr-FR"}]}},"_links":{"self":[{"href":"https:\/\/ingelyt.com\/fr\/wp-json\/wp\/v2\/pages\/651","targetHints":{"allow":["GET"]}}],"collection":[{"href":"https:\/\/ingelyt.com\/fr\/wp-json\/wp\/v2\/pages"}],"about":[{"href":"https:\/\/ingelyt.com\/fr\/wp-json\/wp\/v2\/types\/page"}],"author":[{"embeddable":true,"href":"https:\/\/ingelyt.com\/fr\/wp-json\/wp\/v2\/users\/1"}],"replies":[{"embeddable":true,"href":"https:\/\/ingelyt.com\/fr\/wp-json\/wp\/v2\/comments?post=651"}],"version-history":[{"count":8,"href":"https:\/\/ingelyt.com\/fr\/wp-json\/wp\/v2\/pages\/651\/revisions"}],"predecessor-version":[{"id":1954,"href":"https:\/\/ingelyt.com\/fr\/wp-json\/wp\/v2\/pages\/651\/revisions\/1954"}],"up":[{"embeddable":true,"href":"https:\/\/ingelyt.com\/fr\/wp-json\/wp\/v2\/pages\/23"}],"wp:attachment":[{"href":"https:\/\/ingelyt.com\/fr\/wp-json\/wp\/v2\/media?parent=651"}],"curies":[{"name":"wp","href":"https:\/\/api.w.org\/{rel}","templated":true}]}}