{"id":53,"date":"2014-06-19T17:07:28","date_gmt":"2014-06-19T17:07:28","guid":{"rendered":"http:\/\/ingelyt.com\/?page_id=53"},"modified":"2020-02-04T12:23:55","modified_gmt":"2020-02-04T12:23:55","slug":"contacto","status":"publish","type":"page","link":"https:\/\/ingelyt.com\/fr\/contact\/","title":{"rendered":"Contact"},"content":{"rendered":"<p>En INGELYT estamos encantados de recibir cualquier consulta o comentario, por lo que si lo desea puede ponerse en contacto con nosotros rellenando el siguiente formulario.<\/p>\n\n<div class=\"wpcf7 no-js\" id=\"wpcf7-f1943-o1\" lang=\"fr-FR\" dir=\"ltr\" data-wpcf7-id=\"1943\">\n<div class=\"screen-reader-response\"><p role=\"status\" aria-live=\"polite\" aria-atomic=\"true\"><\/p> <ul><\/ul><\/div>\n<form action=\"\/fr\/wp-json\/wp\/v2\/pages\/53#wpcf7-f1943-o1\" method=\"post\" class=\"wpcf7-form init mailchimp-ext-0.5.72\" aria-label=\"Formulaire de contact\" novalidate=\"novalidate\" data-status=\"init\">\n<div style=\"display: none;\">\n<input type=\"hidden\" name=\"_wpcf7\" value=\"1943\" \/>\n<input type=\"hidden\" name=\"_wpcf7_version\" value=\"6.0.1\" \/>\n<input type=\"hidden\" name=\"_wpcf7_locale\" value=\"fr_FR\" \/>\n<input type=\"hidden\" name=\"_wpcf7_unit_tag\" value=\"wpcf7-f1943-o1\" \/>\n<input type=\"hidden\" name=\"_wpcf7_container_post\" value=\"0\" \/>\n<input type=\"hidden\" name=\"_wpcf7_posted_data_hash\" value=\"\" \/>\n<input type=\"hidden\" name=\"_wpcf7_recaptcha_response\" value=\"\" \/>\n<\/div>\n<div class=\"zoho-es zoho\">\n\t<p><span class=\"wpcf7-form-control-wrap\" data-name=\"your-name\"><input size=\"40\" maxlength=\"400\" class=\"wpcf7-form-control wpcf7-text wpcf7-validates-as-required\" aria-required=\"true\" aria-invalid=\"false\" placeholder=\"Nom *\" value=\"\" type=\"text\" name=\"your-name\" \/><\/span>\n\t<\/p>\n\t<p><span class=\"wpcf7-form-control-wrap\" data-name=\"your-lastname\"><input size=\"40\" maxlength=\"400\" class=\"wpcf7-form-control wpcf7-text wpcf7-validates-as-required\" aria-required=\"true\" aria-invalid=\"false\" placeholder=\"Pr\u00e9nom *\" value=\"\" type=\"text\" name=\"your-lastname\" \/><\/span>\n\t<\/p>\n\t<p><span class=\"wpcf7-form-control-wrap\" data-name=\"your-email\"><input size=\"40\" maxlength=\"400\" class=\"wpcf7-form-control wpcf7-email wpcf7-validates-as-required wpcf7-text wpcf7-validates-as-email\" aria-required=\"true\" aria-invalid=\"false\" placeholder=\"Email *\" value=\"\" type=\"email\" name=\"your-email\" \/><\/span>\n\t<\/p>\n\t<p><span class=\"wpcf7-form-control-wrap\" data-name=\"your-tel\"><input size=\"40\" maxlength=\"400\" class=\"wpcf7-form-control wpcf7-tel wpcf7-validates-as-required wpcf7-text wpcf7-validates-as-tel\" aria-required=\"true\" aria-invalid=\"false\" placeholder=\"T\u00e9l\u00e9phone *\" value=\"\" type=\"tel\" name=\"your-tel\" \/><\/span>\n\t<\/p>\n\t<p><span class=\"wpcf7-form-control-wrap\" data-name=\"your-company\"><input size=\"40\" maxlength=\"400\" class=\"wpcf7-form-control wpcf7-text wpcf7-validates-as-required\" aria-required=\"true\" aria-invalid=\"false\" placeholder=\"Firme *\" value=\"\" type=\"text\" name=\"your-company\" \/><\/span>\n\t<\/p>\n\t<p><span class=\"wpcf7-form-control-wrap\" data-name=\"your-message\"><textarea cols=\"40\" rows=\"10\" maxlength=\"2000\" class=\"wpcf7-form-control wpcf7-textarea wpcf7-validates-as-required\" aria-required=\"true\" aria-invalid=\"false\" placeholder=\"Message *\" name=\"your-message\"><\/textarea><\/span>\n\t<\/p>\n\t<p class=\"acept\" style=\"width: 100%;\"><span class=\"wpcf7-form-control-wrap\" data-name=\"your-acepto\"><span class=\"wpcf7-form-control wpcf7-checkbox wpcf7-validates-as-required\"><span class=\"wpcf7-list-item first last\"><input type=\"checkbox\" name=\"your-acepto[]\" value=\"acepto\" \/><span class=\"wpcf7-list-item-label\">acepto<\/span><\/span><\/span><\/span> J&#39;ai lu et j&#39;accepte la <a href=\"http:\/\/ingelyt.com\/fr\/politique-confidentialite\/\" target=\"_blank\">politique de confidentialit\u00e9<\/a>.\n\t<\/p>\n\t<p class=\"acept\"><span class=\"wpcf7-form-control-wrap\" data-name=\"quiero-notificaciones\"><span class=\"wpcf7-form-control wpcf7-checkbox\" id=\"quiero-notificaciones\"><span class=\"wpcf7-list-item first last\"><input type=\"checkbox\" name=\"quiero-notificaciones[]\" value=\"Si\" \/><span class=\"wpcf7-list-item-label\">Si<\/span><\/span><\/span><\/span> Je souhaite recevoir des notifications \u00e9lectroniques sur des produits et \/ ou services.\n\t<\/p>\n\t<p style=\"display:none\"><span class=\"wpcf7-form-control-wrap\" data-name=\"quiero-notificaciones-invert\"><span class=\"wpcf7-form-control wpcf7-checkbox\" id=\"quiero-notificaciones-invert\"><span class=\"wpcf7-list-item first last\"><input type=\"checkbox\" name=\"quiero-notificaciones-invert[]\" value=\"Si\" checked=\"checked\" \/><span class=\"wpcf7-list-item-label\">Si<\/span><\/span><\/span><\/span> Je no souhaite recevoir des notifications \u00e9lectroniques sur des produits et \/ ou services.\n\t<\/p>\n\t<p><input type=\"hidden\" name=\"your-url\" value=\"https:\/\/ingelyt.com\/fr\/wp-json\/wp\/v2\/pages\/53\" \/>\n\t<\/p>\n<input class=\"wpcf7-form-control wpcf7-hidden\" value=\"Franc\u00e9s\" type=\"hidden\" name=\"your-idioma\" \/>\n<input class=\"wpcf7-form-control wpcf7-hidden\" value=\"No contactado\" type=\"hidden\" name=\"your-estado\" \/>\n<input class=\"wpcf7-form-control wpcf7-hidden\" value=\"Web\" type=\"hidden\" name=\"your-fuente\" \/>\n\t<p><input class=\"wpcf7-form-control wpcf7-submit has-spinner\" type=\"submit\" value=\"envoyer\" \/>\n\t<\/p>\n<\/div>\n<p><script type=\"text\/javascript\"> \n$(document).ready(function() {\n $('#quiero-notificaciones-invert input').prop('checked', !$(this).is(':checked'));\n $('#quiero-notificaciones input').change(function() {\n $('#quiero-notificaciones-invert input').prop('checked', !$(this).is(':checked'));\n });\n $('#quiero-notificaciones input').click(function() {\n $('#quiero-notificaciones-invert input').val(!$(this).is(':checked'));\n });\n});\n<\/script>\n<\/p><div class=\"wpcf7-response-output\" aria-hidden=\"true\"><\/div><p style=\"display: none !important\"><span class=\"wpcf7-form-control-wrap referer-page\"><input type=\"hidden\" name=\"referer-page\" value=\"http:\/\/Direct%20Visit\" data-value=\"http:\/\/Direct%20Visit\" class=\"wpcf7-form-control wpcf7-text referer-page\" aria-invalid=\"false\"><\/span><\/p>\n<!-- Chimpmatic extension by Renzo Johnson -->\n<\/form>\n<\/div>\n\n","protected":false},"excerpt":{"rendered":"<p>En INGELYT estamos encantados de recibir cualquier consulta o comentario, por lo que si lo desea puede ponerse en contacto con nosotros rellenando el siguiente formulario.<\/p>\n","protected":false},"author":1,"featured_media":614,"parent":0,"menu_order":0,"comment_status":"open","ping_status":"closed","template":"contact-page.php","meta":{"footnotes":""},"class_list":["post-53","page","type-page","status-publish","has-post-thumbnail","hentry"],"yoast_head":"<!-- This site is optimized with the Yoast SEO plugin v24.0 - https:\/\/yoast.com\/wordpress\/plugins\/seo\/ -->\n<title>Contact - Ing\u00e9nierie de salles blanches - Ingelyt - Ing\u00e9nierie et installations<\/title>\n<meta name=\"description\" content=\"\u00c0 Ingelyt nous sommes des professionnels avec une haute qualification et exp\u00e9rience en Contact pour l&#039;ing\u00e9nierie d&#039;installation de salles blanches et conseil pharmaceutique.\" \/>\n<meta name=\"robots\" content=\"index, follow, max-snippet:-1, max-image-preview:large, max-video-preview:-1\" \/>\n<link rel=\"canonical\" href=\"http:\/\/ingelyt.com\/fr\/contact\/\" \/>\n<meta property=\"og:locale\" content=\"fr_FR\" \/>\n<meta property=\"og:type\" content=\"article\" \/>\n<meta property=\"og:title\" content=\"Contact - Ing\u00e9nierie de salles blanches - Ingelyt - Ing\u00e9nierie et installations\" \/>\n<meta property=\"og:description\" content=\"\u00c0 Ingelyt nous sommes des professionnels avec une haute qualification et exp\u00e9rience en Contact pour l&#039;ing\u00e9nierie d&#039;installation de salles blanches et conseil pharmaceutique.\" \/>\n<meta property=\"og:url\" content=\"http:\/\/ingelyt.com\/fr\/contact\/\" \/>\n<meta property=\"og:site_name\" content=\"Ingelyt - Ing\u00e9nierie et installations\" \/>\n<meta property=\"article:modified_time\" content=\"2020-02-04T12:23:55+00:00\" \/>\n<meta name=\"twitter:card\" content=\"summary_large_image\" \/>\n<script type=\"application\/ld+json\" class=\"yoast-schema-graph\">{\"@context\":\"https:\/\/schema.org\",\"@graph\":[{\"@type\":\"WebPage\",\"@id\":\"https:\/\/ingelyt.com\/fr\/contact\/\",\"url\":\"http:\/\/ingelyt.com\/fr\/contact\/\",\"name\":\"Contact - Ing\u00e9nierie de salles blanches - Ingelyt - Ing\u00e9nierie et installations\",\"isPartOf\":{\"@id\":\"https:\/\/ingelyt.com\/fr\/#website\"},\"primaryImageOfPage\":{\"@id\":\"http:\/\/ingelyt.com\/fr\/contact\/#primaryimage\"},\"image\":{\"@id\":\"http:\/\/ingelyt.com\/fr\/contact\/#primaryimage\"},\"thumbnailUrl\":\"\",\"datePublished\":\"2014-06-19T17:07:28+00:00\",\"dateModified\":\"2020-02-04T12:23:55+00:00\",\"description\":\"\u00c0 Ingelyt nous sommes des professionnels avec une haute qualification et exp\u00e9rience en Contact pour l'ing\u00e9nierie d'installation de salles blanches et conseil pharmaceutique.\",\"breadcrumb\":{\"@id\":\"http:\/\/ingelyt.com\/fr\/contact\/#breadcrumb\"},\"inLanguage\":\"fr-FR\",\"potentialAction\":[{\"@type\":\"ReadAction\",\"target\":[\"http:\/\/ingelyt.com\/fr\/contact\/\"]}]},{\"@type\":\"ImageObject\",\"inLanguage\":\"fr-FR\",\"@id\":\"http:\/\/ingelyt.com\/fr\/contact\/#primaryimage\",\"url\":\"\",\"contentUrl\":\"\"},{\"@type\":\"BreadcrumbList\",\"@id\":\"http:\/\/ingelyt.com\/fr\/contact\/#breadcrumb\",\"itemListElement\":[{\"@type\":\"ListItem\",\"position\":1,\"name\":\"Acceuil\",\"item\":\"https:\/\/ingelyt.com\/fr\/\"},{\"@type\":\"ListItem\",\"position\":2,\"name\":\"Contact\"}]},{\"@type\":\"WebSite\",\"@id\":\"https:\/\/ingelyt.com\/fr\/#website\",\"url\":\"https:\/\/ingelyt.com\/fr\/\",\"name\":\"Ingelyt - Ing\u00e9nierie et installations\",\"description\":\"\",\"potentialAction\":[{\"@type\":\"SearchAction\",\"target\":{\"@type\":\"EntryPoint\",\"urlTemplate\":\"https:\/\/ingelyt.com\/fr\/?s={search_term_string}\"},\"query-input\":{\"@type\":\"PropertyValueSpecification\",\"valueRequired\":true,\"valueName\":\"search_term_string\"}}],\"inLanguage\":\"fr-FR\"}]}<\/script>\n<!-- \/ Yoast SEO plugin. -->","yoast_head_json":{"title":"Contact - Ing\u00e9nierie de salles blanches - Ingelyt - Ing\u00e9nierie et installations","description":"\u00c0 Ingelyt nous sommes des professionnels avec une haute qualification et exp\u00e9rience en Contact pour l'ing\u00e9nierie d'installation de salles blanches et conseil pharmaceutique.","robots":{"index":"index","follow":"follow","max-snippet":"max-snippet:-1","max-image-preview":"max-image-preview:large","max-video-preview":"max-video-preview:-1"},"canonical":"http:\/\/ingelyt.com\/fr\/contact\/","og_locale":"fr_FR","og_type":"article","og_title":"Contact - Ing\u00e9nierie de salles blanches - Ingelyt - Ing\u00e9nierie et installations","og_description":"\u00c0 Ingelyt nous sommes des professionnels avec une haute qualification et exp\u00e9rience en Contact pour l'ing\u00e9nierie d'installation de salles blanches et conseil pharmaceutique.","og_url":"http:\/\/ingelyt.com\/fr\/contact\/","og_site_name":"Ingelyt - Ing\u00e9nierie et installations","article_modified_time":"2020-02-04T12:23:55+00:00","twitter_card":"summary_large_image","schema":{"@context":"https:\/\/schema.org","@graph":[{"@type":"WebPage","@id":"https:\/\/ingelyt.com\/fr\/contact\/","url":"http:\/\/ingelyt.com\/fr\/contact\/","name":"Contact - Ing\u00e9nierie de salles blanches - Ingelyt - Ing\u00e9nierie et installations","isPartOf":{"@id":"https:\/\/ingelyt.com\/fr\/#website"},"primaryImageOfPage":{"@id":"http:\/\/ingelyt.com\/fr\/contact\/#primaryimage"},"image":{"@id":"http:\/\/ingelyt.com\/fr\/contact\/#primaryimage"},"thumbnailUrl":"","datePublished":"2014-06-19T17:07:28+00:00","dateModified":"2020-02-04T12:23:55+00:00","description":"\u00c0 Ingelyt nous sommes des professionnels avec une haute qualification et exp\u00e9rience en Contact pour l'ing\u00e9nierie d'installation de salles blanches et conseil pharmaceutique.","breadcrumb":{"@id":"http:\/\/ingelyt.com\/fr\/contact\/#breadcrumb"},"inLanguage":"fr-FR","potentialAction":[{"@type":"ReadAction","target":["http:\/\/ingelyt.com\/fr\/contact\/"]}]},{"@type":"ImageObject","inLanguage":"fr-FR","@id":"http:\/\/ingelyt.com\/fr\/contact\/#primaryimage","url":"","contentUrl":""},{"@type":"BreadcrumbList","@id":"http:\/\/ingelyt.com\/fr\/contact\/#breadcrumb","itemListElement":[{"@type":"ListItem","position":1,"name":"Acceuil","item":"https:\/\/ingelyt.com\/fr\/"},{"@type":"ListItem","position":2,"name":"Contact"}]},{"@type":"WebSite","@id":"https:\/\/ingelyt.com\/fr\/#website","url":"https:\/\/ingelyt.com\/fr\/","name":"Ingelyt - Ing\u00e9nierie et installations","description":"","potentialAction":[{"@type":"SearchAction","target":{"@type":"EntryPoint","urlTemplate":"https:\/\/ingelyt.com\/fr\/?s={search_term_string}"},"query-input":{"@type":"PropertyValueSpecification","valueRequired":true,"valueName":"search_term_string"}}],"inLanguage":"fr-FR"}]}},"_links":{"self":[{"href":"https:\/\/ingelyt.com\/fr\/wp-json\/wp\/v2\/pages\/53","targetHints":{"allow":["GET"]}}],"collection":[{"href":"https:\/\/ingelyt.com\/fr\/wp-json\/wp\/v2\/pages"}],"about":[{"href":"https:\/\/ingelyt.com\/fr\/wp-json\/wp\/v2\/types\/page"}],"author":[{"embeddable":true,"href":"https:\/\/ingelyt.com\/fr\/wp-json\/wp\/v2\/users\/1"}],"replies":[{"embeddable":true,"href":"https:\/\/ingelyt.com\/fr\/wp-json\/wp\/v2\/comments?post=53"}],"version-history":[{"count":5,"href":"https:\/\/ingelyt.com\/fr\/wp-json\/wp\/v2\/pages\/53\/revisions"}],"predecessor-version":[{"id":1950,"href":"https:\/\/ingelyt.com\/fr\/wp-json\/wp\/v2\/pages\/53\/revisions\/1950"}],"wp:featuredmedia":[{"embeddable":true,"href":"https:\/\/ingelyt.com\/fr\/wp-json\/"}],"wp:attachment":[{"href":"https:\/\/ingelyt.com\/fr\/wp-json\/wp\/v2\/media?parent=53"}],"curies":[{"name":"wp","href":"https:\/\/api.w.org\/{rel}","templated":true}]}}