{"id":25,"date":"2014-06-19T17:02:20","date_gmt":"2014-06-19T17:02:20","guid":{"rendered":"http:\/\/ingelyt.com\/?page_id=25"},"modified":"2017-04-18T08:32:46","modified_gmt":"2017-04-18T08:32:46","slug":"referencias","status":"publish","type":"page","link":"https:\/\/ingelyt.com\/fr\/references\/","title":{"rendered":"R\u00e9f\u00e9rences"},"content":{"rendered":"","protected":false},"excerpt":{"rendered":"","protected":false},"author":1,"featured_media":1291,"parent":0,"menu_order":0,"comment_status":"closed","ping_status":"closed","template":"referencias.php","meta":{"footnotes":""},"class_list":["post-25","page","type-page","status-publish","has-post-thumbnail","hentry"],"yoast_head":"<!-- This site is optimized with the Yoast SEO plugin v24.0 - https:\/\/yoast.com\/wordpress\/plugins\/seo\/ -->\n<title>R\u00e9f\u00e9rences - Ing\u00e9nierie de salles blanches - Ingelyt - Ing\u00e9nierie et installations<\/title>\n<meta name=\"description\" content=\"\u00c0 Ingelyt nous sommes des professionnels avec une haute qualification et exp\u00e9rience en R\u00e9f\u00e9rences pour l&#039;ing\u00e9nierie d&#039;installation de salles blanches et conseil pharmaceutique.\" \/>\n<meta name=\"robots\" content=\"index, follow, max-snippet:-1, max-image-preview:large, max-video-preview:-1\" \/>\n<link rel=\"canonical\" href=\"https:\/\/ingelyt.com\/fr\/references\/\" \/>\n<meta property=\"og:locale\" content=\"fr_FR\" \/>\n<meta property=\"og:type\" content=\"article\" \/>\n<meta property=\"og:title\" content=\"R\u00e9f\u00e9rences - Ing\u00e9nierie de salles blanches - Ingelyt - Ing\u00e9nierie et installations\" \/>\n<meta property=\"og:description\" content=\"\u00c0 Ingelyt nous sommes des professionnels avec une haute qualification et exp\u00e9rience en R\u00e9f\u00e9rences pour l&#039;ing\u00e9nierie d&#039;installation de salles blanches et conseil pharmaceutique.\" \/>\n<meta property=\"og:url\" content=\"https:\/\/ingelyt.com\/fr\/references\/\" \/>\n<meta property=\"og:site_name\" content=\"Ingelyt - Ing\u00e9nierie et installations\" \/>\n<meta property=\"article:modified_time\" content=\"2017-04-18T08:32:46+00:00\" \/>\n<meta property=\"og:image\" content=\"https:\/\/ingelyt.com\/fr\/wp-content\/uploads\/sites\/3\/2014\/07\/referencias.jpg\" \/>\n\t<meta property=\"og:image:width\" content=\"500\" \/>\n\t<meta property=\"og:image:height\" content=\"333\" \/>\n\t<meta property=\"og:image:type\" content=\"image\/jpeg\" \/>\n<meta name=\"twitter:card\" content=\"summary_large_image\" \/>\n<script type=\"application\/ld+json\" class=\"yoast-schema-graph\">{\"@context\":\"https:\/\/schema.org\",\"@graph\":[{\"@type\":\"WebPage\",\"@id\":\"https:\/\/ingelyt.com\/fr\/references\/\",\"url\":\"https:\/\/ingelyt.com\/fr\/references\/\",\"name\":\"R\u00e9f\u00e9rences - Ing\u00e9nierie de salles blanches - Ingelyt - Ing\u00e9nierie et installations\",\"isPartOf\":{\"@id\":\"https:\/\/ingelyt.com\/fr\/#website\"},\"primaryImageOfPage\":{\"@id\":\"https:\/\/ingelyt.com\/fr\/references\/#primaryimage\"},\"image\":{\"@id\":\"https:\/\/ingelyt.com\/fr\/references\/#primaryimage\"},\"thumbnailUrl\":\"https:\/\/ingelyt.com\/fr\/wp-content\/uploads\/sites\/3\/2014\/07\/referencias.jpg\",\"datePublished\":\"2014-06-19T17:02:20+00:00\",\"dateModified\":\"2017-04-18T08:32:46+00:00\",\"description\":\"\u00c0 Ingelyt nous sommes des professionnels avec une haute qualification et exp\u00e9rience en R\u00e9f\u00e9rences pour l'ing\u00e9nierie d'installation de salles blanches et conseil pharmaceutique.\",\"breadcrumb\":{\"@id\":\"https:\/\/ingelyt.com\/fr\/references\/#breadcrumb\"},\"inLanguage\":\"fr-FR\",\"potentialAction\":[{\"@type\":\"ReadAction\",\"target\":[\"https:\/\/ingelyt.com\/fr\/references\/\"]}]},{\"@type\":\"ImageObject\",\"inLanguage\":\"fr-FR\",\"@id\":\"https:\/\/ingelyt.com\/fr\/references\/#primaryimage\",\"url\":\"https:\/\/ingelyt.com\/fr\/wp-content\/uploads\/sites\/3\/2014\/07\/referencias.jpg\",\"contentUrl\":\"https:\/\/ingelyt.com\/fr\/wp-content\/uploads\/sites\/3\/2014\/07\/referencias.jpg\",\"width\":500,\"height\":333},{\"@type\":\"BreadcrumbList\",\"@id\":\"https:\/\/ingelyt.com\/fr\/references\/#breadcrumb\",\"itemListElement\":[{\"@type\":\"ListItem\",\"position\":1,\"name\":\"Acceuil\",\"item\":\"https:\/\/ingelyt.com\/fr\/\"},{\"@type\":\"ListItem\",\"position\":2,\"name\":\"R\u00e9f\u00e9rences\"}]},{\"@type\":\"WebSite\",\"@id\":\"https:\/\/ingelyt.com\/fr\/#website\",\"url\":\"https:\/\/ingelyt.com\/fr\/\",\"name\":\"Ingelyt - Ing\u00e9nierie et installations\",\"description\":\"\",\"potentialAction\":[{\"@type\":\"SearchAction\",\"target\":{\"@type\":\"EntryPoint\",\"urlTemplate\":\"https:\/\/ingelyt.com\/fr\/?s={search_term_string}\"},\"query-input\":{\"@type\":\"PropertyValueSpecification\",\"valueRequired\":true,\"valueName\":\"search_term_string\"}}],\"inLanguage\":\"fr-FR\"}]}<\/script>\n<!-- \/ Yoast SEO plugin. -->","yoast_head_json":{"title":"R\u00e9f\u00e9rences - Ing\u00e9nierie de salles blanches - Ingelyt - Ing\u00e9nierie et installations","description":"\u00c0 Ingelyt nous sommes des professionnels avec une haute qualification et exp\u00e9rience en R\u00e9f\u00e9rences pour l'ing\u00e9nierie d'installation de salles blanches et conseil pharmaceutique.","robots":{"index":"index","follow":"follow","max-snippet":"max-snippet:-1","max-image-preview":"max-image-preview:large","max-video-preview":"max-video-preview:-1"},"canonical":"https:\/\/ingelyt.com\/fr\/references\/","og_locale":"fr_FR","og_type":"article","og_title":"R\u00e9f\u00e9rences - Ing\u00e9nierie de salles blanches - Ingelyt - Ing\u00e9nierie et installations","og_description":"\u00c0 Ingelyt nous sommes des professionnels avec une haute qualification et exp\u00e9rience en R\u00e9f\u00e9rences pour l'ing\u00e9nierie d'installation de salles blanches et conseil pharmaceutique.","og_url":"https:\/\/ingelyt.com\/fr\/references\/","og_site_name":"Ingelyt - Ing\u00e9nierie et installations","article_modified_time":"2017-04-18T08:32:46+00:00","og_image":[{"width":500,"height":333,"url":"https:\/\/ingelyt.com\/fr\/wp-content\/uploads\/sites\/3\/2014\/07\/referencias.jpg","type":"image\/jpeg"}],"twitter_card":"summary_large_image","schema":{"@context":"https:\/\/schema.org","@graph":[{"@type":"WebPage","@id":"https:\/\/ingelyt.com\/fr\/references\/","url":"https:\/\/ingelyt.com\/fr\/references\/","name":"R\u00e9f\u00e9rences - Ing\u00e9nierie de salles blanches - Ingelyt - Ing\u00e9nierie et installations","isPartOf":{"@id":"https:\/\/ingelyt.com\/fr\/#website"},"primaryImageOfPage":{"@id":"https:\/\/ingelyt.com\/fr\/references\/#primaryimage"},"image":{"@id":"https:\/\/ingelyt.com\/fr\/references\/#primaryimage"},"thumbnailUrl":"https:\/\/ingelyt.com\/fr\/wp-content\/uploads\/sites\/3\/2014\/07\/referencias.jpg","datePublished":"2014-06-19T17:02:20+00:00","dateModified":"2017-04-18T08:32:46+00:00","description":"\u00c0 Ingelyt nous sommes des professionnels avec une haute qualification et exp\u00e9rience en R\u00e9f\u00e9rences pour l'ing\u00e9nierie d'installation de salles blanches et conseil pharmaceutique.","breadcrumb":{"@id":"https:\/\/ingelyt.com\/fr\/references\/#breadcrumb"},"inLanguage":"fr-FR","potentialAction":[{"@type":"ReadAction","target":["https:\/\/ingelyt.com\/fr\/references\/"]}]},{"@type":"ImageObject","inLanguage":"fr-FR","@id":"https:\/\/ingelyt.com\/fr\/references\/#primaryimage","url":"https:\/\/ingelyt.com\/fr\/wp-content\/uploads\/sites\/3\/2014\/07\/referencias.jpg","contentUrl":"https:\/\/ingelyt.com\/fr\/wp-content\/uploads\/sites\/3\/2014\/07\/referencias.jpg","width":500,"height":333},{"@type":"BreadcrumbList","@id":"https:\/\/ingelyt.com\/fr\/references\/#breadcrumb","itemListElement":[{"@type":"ListItem","position":1,"name":"Acceuil","item":"https:\/\/ingelyt.com\/fr\/"},{"@type":"ListItem","position":2,"name":"R\u00e9f\u00e9rences"}]},{"@type":"WebSite","@id":"https:\/\/ingelyt.com\/fr\/#website","url":"https:\/\/ingelyt.com\/fr\/","name":"Ingelyt - Ing\u00e9nierie et installations","description":"","potentialAction":[{"@type":"SearchAction","target":{"@type":"EntryPoint","urlTemplate":"https:\/\/ingelyt.com\/fr\/?s={search_term_string}"},"query-input":{"@type":"PropertyValueSpecification","valueRequired":true,"valueName":"search_term_string"}}],"inLanguage":"fr-FR"}]}},"_links":{"self":[{"href":"https:\/\/ingelyt.com\/fr\/wp-json\/wp\/v2\/pages\/25","targetHints":{"allow":["GET"]}}],"collection":[{"href":"https:\/\/ingelyt.com\/fr\/wp-json\/wp\/v2\/pages"}],"about":[{"href":"https:\/\/ingelyt.com\/fr\/wp-json\/wp\/v2\/types\/page"}],"author":[{"embeddable":true,"href":"https:\/\/ingelyt.com\/fr\/wp-json\/wp\/v2\/users\/1"}],"replies":[{"embeddable":true,"href":"https:\/\/ingelyt.com\/fr\/wp-json\/wp\/v2\/comments?post=25"}],"version-history":[{"count":2,"href":"https:\/\/ingelyt.com\/fr\/wp-json\/wp\/v2\/pages\/25\/revisions"}],"predecessor-version":[{"id":1549,"href":"https:\/\/ingelyt.com\/fr\/wp-json\/wp\/v2\/pages\/25\/revisions\/1549"}],"wp:featuredmedia":[{"embeddable":true,"href":"https:\/\/ingelyt.com\/fr\/wp-json\/wp\/v2\/media\/1291"}],"wp:attachment":[{"href":"https:\/\/ingelyt.com\/fr\/wp-json\/wp\/v2\/media?parent=25"}],"curies":[{"name":"wp","href":"https:\/\/api.w.org\/{rel}","templated":true}]}}