{"id":235,"date":"2014-07-08T14:31:58","date_gmt":"2014-07-08T14:31:58","guid":{"rendered":"http:\/\/ingelyt.com\/?page_id=235"},"modified":"2017-03-17T11:20:51","modified_gmt":"2017-03-17T11:20:51","slug":"apropos-ingelyt","status":"publish","type":"page","link":"https:\/\/ingelyt.com\/fr\/apropos-ingelyt\/","title":{"rendered":"\u00c0 propos d&rsquo;Ingelyt"},"content":{"rendered":"<p>INGELYT S.L. est une compagnie cr\u00e9\u00e9e en 1995 r\u00e9sultat de la n\u00e9cessit\u00e9 existante sur le march\u00e9 espagnol d&rsquo;une entreprise qui d\u00e9diera ses recours au service de l&rsquo;industrie Pharmaceutique, dans le domaine des Salles Blanches.<\/p>\n<p>INGELYT S.L. appartient au groupe Lapeyra et Taltavull, une entreprise d\u00e9di\u00e9e \u00e0 la repr\u00e9sentation de firmes internationales de premier niveau, dans le secteur pharmaceutique, alimentaire, cosm\u00e9tique etc. &#8230; avec une anciennet\u00e9 de plus de 50 ans.<\/p>\n<p><img loading=\"lazy\" decoding=\"async\" class=\"aligncenter wp-image-1890 size-full\" title=\"\u00c0 propos d'Ingelyt - Ing\u00e9nierie de salles blanches - Ingelyt\" src=\"http:\/\/ingelyt.com\/fr\/wp-content\/uploads\/sites\/3\/2014\/07\/ingelyt-equipo-de-instalacion-madrid-barcelona.jpg\" alt=\"\" width=\"700\" height=\"254\" srcset=\"https:\/\/ingelyt.com\/fr\/wp-content\/uploads\/sites\/3\/2014\/07\/ingelyt-equipo-de-instalacion-madrid-barcelona.jpg 700w, https:\/\/ingelyt.com\/fr\/wp-content\/uploads\/sites\/3\/2014\/07\/ingelyt-equipo-de-instalacion-madrid-barcelona-300x109.jpg 300w\" sizes=\"auto, (max-width: 700px) 100vw, 700px\" \/><\/p>\n<p>&nbsp;<\/p>\n<p>En maintenant son identit\u00e9 comme entreprise ind\u00e9pendante, avec un capitale 100 % espagnol, INGELYT a \u00e9volu\u00e9 durant ses 20 ann\u00e9es d&rsquo;existence pour devenir la r\u00e9f\u00e9rence de ce secteur et des secteurs connexes \u00e0 qu&rsquo;il a pr\u00eat\u00e9 ses services en s&rsquo;adaptant \u00e0 la demande de ces nouveaux march\u00e9s.<\/p>\n<p>INGELYT est une compagnie qui a comme vocation particuli\u00e8re le service au client, et qui devoue tous ses efforts afin d&rsquo;offrir des r\u00e9ponses efficaces \u00e0 l&rsquo;\u00e9volution constante des techniques employ\u00e9es et des normes r\u00e9glementaires d&rsquo;application obligatoire dans ce type d&rsquo;installations si sp\u00e9cifiques.<\/p>\n<p>Avec l&rsquo;exp\u00e9rience de ces ann\u00e9es de travail, des racines solides et une croissance constante; consolid\u00e9es pas ses nombreuses r\u00e9f\u00e9rences dans les secteurs si complexes auxquels il d\u00e9die son effort, INGELYT a \u00e9t\u00e9 consolid\u00e9 comme une entreprise leader dans le service int\u00e9gral aux entreprises du secteur.<\/p>\n<p><img loading=\"lazy\" decoding=\"async\" class=\"aligncenter size-full wp-image-1877\" title=\"Ing\u00e9nierie de salles blanches - Ingelyt\" src=\"http:\/\/ingelyt.com\/fr\/wp-content\/uploads\/sites\/3\/2014\/07\/sobre-ingelyt-2.jpg\" alt=\"Ing\u00e9nierie de salles blanches - Ingelyt\" width=\"700\" height=\"525\" srcset=\"https:\/\/ingelyt.com\/fr\/wp-content\/uploads\/sites\/3\/2014\/07\/sobre-ingelyt-2.jpg 700w, https:\/\/ingelyt.com\/fr\/wp-content\/uploads\/sites\/3\/2014\/07\/sobre-ingelyt-2-300x225.jpg 300w\" sizes=\"auto, (max-width: 700px) 100vw, 700px\" \/><\/p>\n","protected":false},"excerpt":{"rendered":"<p>INGELYT est une compagnie qui a comme vocation particuli\u00e8re le service au client, et qui devoue tous ses efforts afin d&rsquo;offrir des r\u00e9ponses efficaces \u00e0 l&rsquo;\u00e9volution constante des techniques employ\u00e9es et des normes r\u00e9glementaires d&rsquo;application obligatoire dans ce type d&rsquo;installations si sp\u00e9cifiques.<\/p>\n","protected":false},"author":1,"featured_media":1566,"parent":0,"menu_order":0,"comment_status":"open","ping_status":"open","template":"sobre.php","meta":{"footnotes":""},"class_list":["post-235","page","type-page","status-publish","has-post-thumbnail","hentry"],"yoast_head":"<!-- This site is optimized with the Yoast SEO plugin v24.0 - https:\/\/yoast.com\/wordpress\/plugins\/seo\/ -->\n<title>\u00c0 propos d&#039;Ingelyt - Ing\u00e9nierie de salles blanches - Ingelyt - Ing\u00e9nierie et installations<\/title>\n<meta name=\"description\" content=\"\u00c0 Ingelyt nous sommes des professionnels avec une haute qualification et exp\u00e9rience en \u00c0 propos d&#039;Ingelyt pour l&#039;ing\u00e9nierie d&#039;installation de salles blanches et conseil pharmaceutique.\" \/>\n<meta name=\"robots\" content=\"index, follow, max-snippet:-1, max-image-preview:large, max-video-preview:-1\" \/>\n<link rel=\"canonical\" href=\"https:\/\/ingelyt.com\/fr\/apropos-ingelyt\/\" \/>\n<meta property=\"og:locale\" content=\"fr_FR\" \/>\n<meta property=\"og:type\" content=\"article\" \/>\n<meta property=\"og:title\" content=\"\u00c0 propos d&#039;Ingelyt - Ing\u00e9nierie de salles blanches - Ingelyt - Ing\u00e9nierie et installations\" \/>\n<meta property=\"og:description\" content=\"\u00c0 Ingelyt nous sommes des professionnels avec une haute qualification et exp\u00e9rience en \u00c0 propos d&#039;Ingelyt pour l&#039;ing\u00e9nierie d&#039;installation de salles blanches et conseil pharmaceutique.\" \/>\n<meta property=\"og:url\" content=\"https:\/\/ingelyt.com\/fr\/apropos-ingelyt\/\" \/>\n<meta property=\"og:site_name\" content=\"Ingelyt - Ing\u00e9nierie et installations\" \/>\n<meta property=\"article:modified_time\" content=\"2017-03-17T11:20:51+00:00\" \/>\n<meta property=\"og:image\" content=\"https:\/\/ingelyt.com\/fr\/wp-content\/uploads\/sites\/3\/2014\/07\/sobre-ingelyt.jpg\" \/>\n\t<meta property=\"og:image:width\" content=\"604\" \/>\n\t<meta property=\"og:image:height\" content=\"404\" \/>\n\t<meta property=\"og:image:type\" content=\"image\/jpeg\" \/>\n<meta name=\"twitter:card\" content=\"summary_large_image\" \/>\n<meta name=\"twitter:label1\" content=\"Dur\u00e9e de lecture estim\u00e9e\" \/>\n\t<meta name=\"twitter:data1\" content=\"1 minute\" \/>\n<script type=\"application\/ld+json\" class=\"yoast-schema-graph\">{\"@context\":\"https:\/\/schema.org\",\"@graph\":[{\"@type\":\"WebPage\",\"@id\":\"https:\/\/ingelyt.com\/fr\/apropos-ingelyt\/\",\"url\":\"https:\/\/ingelyt.com\/fr\/apropos-ingelyt\/\",\"name\":\"\u00c0 propos d'Ingelyt - Ing\u00e9nierie de salles blanches - Ingelyt - Ing\u00e9nierie et installations\",\"isPartOf\":{\"@id\":\"https:\/\/ingelyt.com\/fr\/#website\"},\"primaryImageOfPage\":{\"@id\":\"https:\/\/ingelyt.com\/fr\/apropos-ingelyt\/#primaryimage\"},\"image\":{\"@id\":\"https:\/\/ingelyt.com\/fr\/apropos-ingelyt\/#primaryimage\"},\"thumbnailUrl\":\"https:\/\/ingelyt.com\/fr\/wp-content\/uploads\/sites\/3\/2014\/07\/sobre-ingelyt.jpg\",\"datePublished\":\"2014-07-08T14:31:58+00:00\",\"dateModified\":\"2017-03-17T11:20:51+00:00\",\"description\":\"\u00c0 Ingelyt nous sommes des professionnels avec une haute qualification et exp\u00e9rience en \u00c0 propos d'Ingelyt pour l'ing\u00e9nierie d'installation de salles blanches et conseil pharmaceutique.\",\"breadcrumb\":{\"@id\":\"https:\/\/ingelyt.com\/fr\/apropos-ingelyt\/#breadcrumb\"},\"inLanguage\":\"fr-FR\",\"potentialAction\":[{\"@type\":\"ReadAction\",\"target\":[\"https:\/\/ingelyt.com\/fr\/apropos-ingelyt\/\"]}]},{\"@type\":\"ImageObject\",\"inLanguage\":\"fr-FR\",\"@id\":\"https:\/\/ingelyt.com\/fr\/apropos-ingelyt\/#primaryimage\",\"url\":\"https:\/\/ingelyt.com\/fr\/wp-content\/uploads\/sites\/3\/2014\/07\/sobre-ingelyt.jpg\",\"contentUrl\":\"https:\/\/ingelyt.com\/fr\/wp-content\/uploads\/sites\/3\/2014\/07\/sobre-ingelyt.jpg\",\"width\":604,\"height\":404},{\"@type\":\"BreadcrumbList\",\"@id\":\"https:\/\/ingelyt.com\/fr\/apropos-ingelyt\/#breadcrumb\",\"itemListElement\":[{\"@type\":\"ListItem\",\"position\":1,\"name\":\"Acceuil\",\"item\":\"https:\/\/ingelyt.com\/fr\/\"},{\"@type\":\"ListItem\",\"position\":2,\"name\":\"\u00c0 propos d&rsquo;Ingelyt\"}]},{\"@type\":\"WebSite\",\"@id\":\"https:\/\/ingelyt.com\/fr\/#website\",\"url\":\"https:\/\/ingelyt.com\/fr\/\",\"name\":\"Ingelyt - Ing\u00e9nierie et installations\",\"description\":\"\",\"potentialAction\":[{\"@type\":\"SearchAction\",\"target\":{\"@type\":\"EntryPoint\",\"urlTemplate\":\"https:\/\/ingelyt.com\/fr\/?s={search_term_string}\"},\"query-input\":{\"@type\":\"PropertyValueSpecification\",\"valueRequired\":true,\"valueName\":\"search_term_string\"}}],\"inLanguage\":\"fr-FR\"}]}<\/script>\n<!-- \/ Yoast SEO plugin. -->","yoast_head_json":{"title":"\u00c0 propos d'Ingelyt - Ing\u00e9nierie de salles blanches - Ingelyt - Ing\u00e9nierie et installations","description":"\u00c0 Ingelyt nous sommes des professionnels avec une haute qualification et exp\u00e9rience en \u00c0 propos d'Ingelyt pour l'ing\u00e9nierie d'installation de salles blanches et conseil pharmaceutique.","robots":{"index":"index","follow":"follow","max-snippet":"max-snippet:-1","max-image-preview":"max-image-preview:large","max-video-preview":"max-video-preview:-1"},"canonical":"https:\/\/ingelyt.com\/fr\/apropos-ingelyt\/","og_locale":"fr_FR","og_type":"article","og_title":"\u00c0 propos d'Ingelyt - Ing\u00e9nierie de salles blanches - Ingelyt - Ing\u00e9nierie et installations","og_description":"\u00c0 Ingelyt nous sommes des professionnels avec une haute qualification et exp\u00e9rience en \u00c0 propos d'Ingelyt pour l'ing\u00e9nierie d'installation de salles blanches et conseil pharmaceutique.","og_url":"https:\/\/ingelyt.com\/fr\/apropos-ingelyt\/","og_site_name":"Ingelyt - Ing\u00e9nierie et installations","article_modified_time":"2017-03-17T11:20:51+00:00","og_image":[{"width":604,"height":404,"url":"https:\/\/ingelyt.com\/fr\/wp-content\/uploads\/sites\/3\/2014\/07\/sobre-ingelyt.jpg","type":"image\/jpeg"}],"twitter_card":"summary_large_image","twitter_misc":{"Dur\u00e9e de lecture estim\u00e9e":"1 minute"},"schema":{"@context":"https:\/\/schema.org","@graph":[{"@type":"WebPage","@id":"https:\/\/ingelyt.com\/fr\/apropos-ingelyt\/","url":"https:\/\/ingelyt.com\/fr\/apropos-ingelyt\/","name":"\u00c0 propos d'Ingelyt - Ing\u00e9nierie de salles blanches - Ingelyt - Ing\u00e9nierie et installations","isPartOf":{"@id":"https:\/\/ingelyt.com\/fr\/#website"},"primaryImageOfPage":{"@id":"https:\/\/ingelyt.com\/fr\/apropos-ingelyt\/#primaryimage"},"image":{"@id":"https:\/\/ingelyt.com\/fr\/apropos-ingelyt\/#primaryimage"},"thumbnailUrl":"https:\/\/ingelyt.com\/fr\/wp-content\/uploads\/sites\/3\/2014\/07\/sobre-ingelyt.jpg","datePublished":"2014-07-08T14:31:58+00:00","dateModified":"2017-03-17T11:20:51+00:00","description":"\u00c0 Ingelyt nous sommes des professionnels avec une haute qualification et exp\u00e9rience en \u00c0 propos d'Ingelyt pour l'ing\u00e9nierie d'installation de salles blanches et conseil pharmaceutique.","breadcrumb":{"@id":"https:\/\/ingelyt.com\/fr\/apropos-ingelyt\/#breadcrumb"},"inLanguage":"fr-FR","potentialAction":[{"@type":"ReadAction","target":["https:\/\/ingelyt.com\/fr\/apropos-ingelyt\/"]}]},{"@type":"ImageObject","inLanguage":"fr-FR","@id":"https:\/\/ingelyt.com\/fr\/apropos-ingelyt\/#primaryimage","url":"https:\/\/ingelyt.com\/fr\/wp-content\/uploads\/sites\/3\/2014\/07\/sobre-ingelyt.jpg","contentUrl":"https:\/\/ingelyt.com\/fr\/wp-content\/uploads\/sites\/3\/2014\/07\/sobre-ingelyt.jpg","width":604,"height":404},{"@type":"BreadcrumbList","@id":"https:\/\/ingelyt.com\/fr\/apropos-ingelyt\/#breadcrumb","itemListElement":[{"@type":"ListItem","position":1,"name":"Acceuil","item":"https:\/\/ingelyt.com\/fr\/"},{"@type":"ListItem","position":2,"name":"\u00c0 propos d&rsquo;Ingelyt"}]},{"@type":"WebSite","@id":"https:\/\/ingelyt.com\/fr\/#website","url":"https:\/\/ingelyt.com\/fr\/","name":"Ingelyt - Ing\u00e9nierie et installations","description":"","potentialAction":[{"@type":"SearchAction","target":{"@type":"EntryPoint","urlTemplate":"https:\/\/ingelyt.com\/fr\/?s={search_term_string}"},"query-input":{"@type":"PropertyValueSpecification","valueRequired":true,"valueName":"search_term_string"}}],"inLanguage":"fr-FR"}]}},"_links":{"self":[{"href":"https:\/\/ingelyt.com\/fr\/wp-json\/wp\/v2\/pages\/235","targetHints":{"allow":["GET"]}}],"collection":[{"href":"https:\/\/ingelyt.com\/fr\/wp-json\/wp\/v2\/pages"}],"about":[{"href":"https:\/\/ingelyt.com\/fr\/wp-json\/wp\/v2\/types\/page"}],"author":[{"embeddable":true,"href":"https:\/\/ingelyt.com\/fr\/wp-json\/wp\/v2\/users\/1"}],"replies":[{"embeddable":true,"href":"https:\/\/ingelyt.com\/fr\/wp-json\/wp\/v2\/comments?post=235"}],"version-history":[{"count":10,"href":"https:\/\/ingelyt.com\/fr\/wp-json\/wp\/v2\/pages\/235\/revisions"}],"predecessor-version":[{"id":1891,"href":"https:\/\/ingelyt.com\/fr\/wp-json\/wp\/v2\/pages\/235\/revisions\/1891"}],"wp:featuredmedia":[{"embeddable":true,"href":"https:\/\/ingelyt.com\/fr\/wp-json\/wp\/v2\/media\/1566"}],"wp:attachment":[{"href":"https:\/\/ingelyt.com\/fr\/wp-json\/wp\/v2\/media?parent=235"}],"curies":[{"name":"wp","href":"https:\/\/api.w.org\/{rel}","templated":true}]}}