{"id":204,"date":"2014-07-07T09:47:30","date_gmt":"2014-07-07T09:47:30","guid":{"rendered":"http:\/\/ingelyt.com\/?page_id=204"},"modified":"2018-06-20T11:18:57","modified_gmt":"2018-06-20T11:18:57","slug":"delegaciones-e-instalaciones-productivas","status":"publish","type":"page","link":"https:\/\/ingelyt.com\/fr\/delegations-et-installations-productives","title":{"rendered":"D\u00e9l\u00e9gations et installations productives"},"content":{"rendered":"<div class=\"col-md-6 col-sm-6 col-xs-6\"><strong>MADRID<\/strong><br \/>\nAvenida Pirineos 7, Edificio 6A<br \/>\n28703 San Sebasti\u00e1n de los Reyes<br \/>\n<i class=\"fa fa-phone\"><\/i> +34 91 659 21 20<\/div>\n<div class=\"col-md-6 col-sm-6 col-xs-6\"><strong>BARCELONA<\/strong><br \/>\nCalle Sant Ferr\u00e1n, 96<br \/>\n08940 Cornell\u00e1 de Llobregat<br \/>\n<i class=\"fa fa-phone\"><\/i> +34 93 377 67 11<\/div>\n","protected":false},"excerpt":{"rendered":"<p>MADRID Avenida Pirineos 7, Edificio 6A 28703 San Sebasti\u00e1n de los Reyes +34 91 659 21 20 BARCELONA Calle Sant Ferr\u00e1n, 96 08940 Cornell\u00e1 de Llobregat +34 93 377 67 11<\/p>\n","protected":false},"author":1,"featured_media":1580,"parent":0,"menu_order":0,"comment_status":"open","ping_status":"open","template":"oficinas.php","meta":{"footnotes":""},"class_list":["post-204","page","type-page","status-publish","has-post-thumbnail","hentry"],"yoast_head":"<!-- This site is optimized with the Yoast SEO plugin v24.0 - https:\/\/yoast.com\/wordpress\/plugins\/seo\/ -->\n<title>D\u00e9l\u00e9gations et installations productives - Ing\u00e9nierie de salles blanches - Ingelyt - Ing\u00e9nierie et installations<\/title>\n<meta name=\"description\" content=\"\u00c0 Ingelyt nous sommes des professionnels avec une haute qualification et exp\u00e9rience en D\u00e9l\u00e9gations et installations productives pour l&#039;ing\u00e9nierie d&#039;installation de salles blanches et conseil pharmaceutique.\" \/>\n<meta name=\"robots\" content=\"index, follow, max-snippet:-1, max-image-preview:large, max-video-preview:-1\" \/>\n<link rel=\"canonical\" href=\"https:\/\/ingelyt.com\/fr\/delegations-et-installations-productives\/\" \/>\n<meta property=\"og:locale\" content=\"fr_FR\" \/>\n<meta property=\"og:type\" content=\"article\" \/>\n<meta property=\"og:title\" content=\"D\u00e9l\u00e9gations et installations productives - Ing\u00e9nierie de salles blanches - Ingelyt - Ing\u00e9nierie et installations\" \/>\n<meta property=\"og:description\" content=\"\u00c0 Ingelyt nous sommes des professionnels avec une haute qualification et exp\u00e9rience en D\u00e9l\u00e9gations et installations productives pour l&#039;ing\u00e9nierie d&#039;installation de salles blanches et conseil pharmaceutique.\" \/>\n<meta property=\"og:url\" content=\"https:\/\/ingelyt.com\/fr\/delegations-et-installations-productives\/\" \/>\n<meta property=\"og:site_name\" content=\"Ingelyt - Ing\u00e9nierie et installations\" \/>\n<meta property=\"article:modified_time\" content=\"2018-06-20T11:18:57+00:00\" \/>\n<meta property=\"og:image\" content=\"https:\/\/ingelyt.com\/fr\/wp-content\/uploads\/sites\/3\/2014\/07\/delegaciones-e-instalaciones-productivas.jpg\" \/>\n\t<meta property=\"og:image:width\" content=\"604\" \/>\n\t<meta property=\"og:image:height\" content=\"404\" \/>\n\t<meta property=\"og:image:type\" content=\"image\/jpeg\" \/>\n<meta name=\"twitter:card\" content=\"summary_large_image\" \/>\n<script type=\"application\/ld+json\" class=\"yoast-schema-graph\">{\"@context\":\"https:\/\/schema.org\",\"@graph\":[{\"@type\":\"WebPage\",\"@id\":\"https:\/\/ingelyt.com\/fr\/delegations-et-installations-productives\/\",\"url\":\"https:\/\/ingelyt.com\/fr\/delegations-et-installations-productives\/\",\"name\":\"D\u00e9l\u00e9gations et installations productives - Ing\u00e9nierie de salles blanches - Ingelyt - Ing\u00e9nierie et installations\",\"isPartOf\":{\"@id\":\"https:\/\/ingelyt.com\/fr\/#website\"},\"primaryImageOfPage\":{\"@id\":\"https:\/\/ingelyt.com\/fr\/delegations-et-installations-productives\/#primaryimage\"},\"image\":{\"@id\":\"https:\/\/ingelyt.com\/fr\/delegations-et-installations-productives\/#primaryimage\"},\"thumbnailUrl\":\"https:\/\/ingelyt.com\/fr\/wp-content\/uploads\/sites\/3\/2014\/07\/delegaciones-e-instalaciones-productivas.jpg\",\"datePublished\":\"2014-07-07T09:47:30+00:00\",\"dateModified\":\"2018-06-20T11:18:57+00:00\",\"description\":\"\u00c0 Ingelyt nous sommes des professionnels avec une haute qualification et exp\u00e9rience en D\u00e9l\u00e9gations et installations productives pour l'ing\u00e9nierie d'installation de salles blanches et conseil pharmaceutique.\",\"breadcrumb\":{\"@id\":\"https:\/\/ingelyt.com\/fr\/delegations-et-installations-productives\/#breadcrumb\"},\"inLanguage\":\"fr-FR\",\"potentialAction\":[{\"@type\":\"ReadAction\",\"target\":[\"https:\/\/ingelyt.com\/fr\/delegations-et-installations-productives\/\"]}]},{\"@type\":\"ImageObject\",\"inLanguage\":\"fr-FR\",\"@id\":\"https:\/\/ingelyt.com\/fr\/delegations-et-installations-productives\/#primaryimage\",\"url\":\"https:\/\/ingelyt.com\/fr\/wp-content\/uploads\/sites\/3\/2014\/07\/delegaciones-e-instalaciones-productivas.jpg\",\"contentUrl\":\"https:\/\/ingelyt.com\/fr\/wp-content\/uploads\/sites\/3\/2014\/07\/delegaciones-e-instalaciones-productivas.jpg\",\"width\":604,\"height\":404},{\"@type\":\"BreadcrumbList\",\"@id\":\"https:\/\/ingelyt.com\/fr\/delegations-et-installations-productives\/#breadcrumb\",\"itemListElement\":[{\"@type\":\"ListItem\",\"position\":1,\"name\":\"Acceuil\",\"item\":\"https:\/\/ingelyt.com\/fr\/\"},{\"@type\":\"ListItem\",\"position\":2,\"name\":\"D\u00e9l\u00e9gations et installations productives\"}]},{\"@type\":\"WebSite\",\"@id\":\"https:\/\/ingelyt.com\/fr\/#website\",\"url\":\"https:\/\/ingelyt.com\/fr\/\",\"name\":\"Ingelyt - Ing\u00e9nierie et installations\",\"description\":\"\",\"potentialAction\":[{\"@type\":\"SearchAction\",\"target\":{\"@type\":\"EntryPoint\",\"urlTemplate\":\"https:\/\/ingelyt.com\/fr\/?s={search_term_string}\"},\"query-input\":{\"@type\":\"PropertyValueSpecification\",\"valueRequired\":true,\"valueName\":\"search_term_string\"}}],\"inLanguage\":\"fr-FR\"}]}<\/script>\n<!-- \/ Yoast SEO plugin. -->","yoast_head_json":{"title":"D\u00e9l\u00e9gations et installations productives - Ing\u00e9nierie de salles blanches - Ingelyt - Ing\u00e9nierie et installations","description":"\u00c0 Ingelyt nous sommes des professionnels avec une haute qualification et exp\u00e9rience en D\u00e9l\u00e9gations et installations productives pour l'ing\u00e9nierie d'installation de salles blanches et conseil pharmaceutique.","robots":{"index":"index","follow":"follow","max-snippet":"max-snippet:-1","max-image-preview":"max-image-preview:large","max-video-preview":"max-video-preview:-1"},"canonical":"https:\/\/ingelyt.com\/fr\/delegations-et-installations-productives\/","og_locale":"fr_FR","og_type":"article","og_title":"D\u00e9l\u00e9gations et installations productives - Ing\u00e9nierie de salles blanches - Ingelyt - Ing\u00e9nierie et installations","og_description":"\u00c0 Ingelyt nous sommes des professionnels avec une haute qualification et exp\u00e9rience en D\u00e9l\u00e9gations et installations productives pour l'ing\u00e9nierie d'installation de salles blanches et conseil pharmaceutique.","og_url":"https:\/\/ingelyt.com\/fr\/delegations-et-installations-productives\/","og_site_name":"Ingelyt - Ing\u00e9nierie et installations","article_modified_time":"2018-06-20T11:18:57+00:00","og_image":[{"width":604,"height":404,"url":"https:\/\/ingelyt.com\/fr\/wp-content\/uploads\/sites\/3\/2014\/07\/delegaciones-e-instalaciones-productivas.jpg","type":"image\/jpeg"}],"twitter_card":"summary_large_image","schema":{"@context":"https:\/\/schema.org","@graph":[{"@type":"WebPage","@id":"https:\/\/ingelyt.com\/fr\/delegations-et-installations-productives\/","url":"https:\/\/ingelyt.com\/fr\/delegations-et-installations-productives\/","name":"D\u00e9l\u00e9gations et installations productives - Ing\u00e9nierie de salles blanches - Ingelyt - Ing\u00e9nierie et installations","isPartOf":{"@id":"https:\/\/ingelyt.com\/fr\/#website"},"primaryImageOfPage":{"@id":"https:\/\/ingelyt.com\/fr\/delegations-et-installations-productives\/#primaryimage"},"image":{"@id":"https:\/\/ingelyt.com\/fr\/delegations-et-installations-productives\/#primaryimage"},"thumbnailUrl":"https:\/\/ingelyt.com\/fr\/wp-content\/uploads\/sites\/3\/2014\/07\/delegaciones-e-instalaciones-productivas.jpg","datePublished":"2014-07-07T09:47:30+00:00","dateModified":"2018-06-20T11:18:57+00:00","description":"\u00c0 Ingelyt nous sommes des professionnels avec une haute qualification et exp\u00e9rience en D\u00e9l\u00e9gations et installations productives pour l'ing\u00e9nierie d'installation de salles blanches et conseil pharmaceutique.","breadcrumb":{"@id":"https:\/\/ingelyt.com\/fr\/delegations-et-installations-productives\/#breadcrumb"},"inLanguage":"fr-FR","potentialAction":[{"@type":"ReadAction","target":["https:\/\/ingelyt.com\/fr\/delegations-et-installations-productives\/"]}]},{"@type":"ImageObject","inLanguage":"fr-FR","@id":"https:\/\/ingelyt.com\/fr\/delegations-et-installations-productives\/#primaryimage","url":"https:\/\/ingelyt.com\/fr\/wp-content\/uploads\/sites\/3\/2014\/07\/delegaciones-e-instalaciones-productivas.jpg","contentUrl":"https:\/\/ingelyt.com\/fr\/wp-content\/uploads\/sites\/3\/2014\/07\/delegaciones-e-instalaciones-productivas.jpg","width":604,"height":404},{"@type":"BreadcrumbList","@id":"https:\/\/ingelyt.com\/fr\/delegations-et-installations-productives\/#breadcrumb","itemListElement":[{"@type":"ListItem","position":1,"name":"Acceuil","item":"https:\/\/ingelyt.com\/fr\/"},{"@type":"ListItem","position":2,"name":"D\u00e9l\u00e9gations et installations productives"}]},{"@type":"WebSite","@id":"https:\/\/ingelyt.com\/fr\/#website","url":"https:\/\/ingelyt.com\/fr\/","name":"Ingelyt - Ing\u00e9nierie et installations","description":"","potentialAction":[{"@type":"SearchAction","target":{"@type":"EntryPoint","urlTemplate":"https:\/\/ingelyt.com\/fr\/?s={search_term_string}"},"query-input":{"@type":"PropertyValueSpecification","valueRequired":true,"valueName":"search_term_string"}}],"inLanguage":"fr-FR"}]}},"_links":{"self":[{"href":"https:\/\/ingelyt.com\/fr\/wp-json\/wp\/v2\/pages\/204","targetHints":{"allow":["GET"]}}],"collection":[{"href":"https:\/\/ingelyt.com\/fr\/wp-json\/wp\/v2\/pages"}],"about":[{"href":"https:\/\/ingelyt.com\/fr\/wp-json\/wp\/v2\/types\/page"}],"author":[{"embeddable":true,"href":"https:\/\/ingelyt.com\/fr\/wp-json\/wp\/v2\/users\/1"}],"replies":[{"embeddable":true,"href":"https:\/\/ingelyt.com\/fr\/wp-json\/wp\/v2\/comments?post=204"}],"version-history":[{"count":6,"href":"https:\/\/ingelyt.com\/fr\/wp-json\/wp\/v2\/pages\/204\/revisions"}],"predecessor-version":[{"id":1646,"href":"https:\/\/ingelyt.com\/fr\/wp-json\/wp\/v2\/pages\/204\/revisions\/1646"}],"wp:featuredmedia":[{"embeddable":true,"href":"https:\/\/ingelyt.com\/fr\/wp-json\/wp\/v2\/media\/1580"}],"wp:attachment":[{"href":"https:\/\/ingelyt.com\/fr\/wp-json\/wp\/v2\/media?parent=204"}],"curies":[{"name":"wp","href":"https:\/\/api.w.org\/{rel}","templated":true}]}}