{"id":293,"date":"2015-12-16T11:20:42","date_gmt":"2015-12-16T11:20:42","guid":{"rendered":"http:\/\/ingelyt.com\/cat\/?page_id=293"},"modified":"2019-09-27T07:07:53","modified_gmt":"2019-09-27T07:07:53","slug":"equip","status":"publish","type":"page","link":"https:\/\/ingelyt.com\/cat\/equip\/","title":{"rendered":"Equip"},"content":{"rendered":"<p>El personal d\u2019INGELYT, altament preparat, est\u00e0 en constant evoluci\u00f3 per tal d\u2019adaptar-se a les noves expectatives creades pel mercat.<\/p>\n<figure id=\"attachment_675\" class=\"thumbnail wp-caption aligncenter\" style=\"width: 710px\"><img loading=\"lazy\" decoding=\"async\" class=\"wp-image-675 size-full\" src=\"http:\/\/ingelyt.com\/cat\/wp-content\/uploads\/sites\/6\/2015\/12\/equipo-ingelyt.jpg\" alt=\"equip\" width=\"700\" height=\"436\" \/><figcaption class=\"caption wp-caption-text\">Equip Madrid<\/figcaption><\/figure>\n<p>&nbsp;<\/p>\n<figure id=\"attachment_688\" class=\"thumbnail wp-caption aligncenter\" style=\"width: 490px\"><img loading=\"lazy\" decoding=\"async\" class=\"wp-image-688 size-full\" src=\"http:\/\/ingelyt.com\/cat\/wp-content\/uploads\/sites\/6\/2015\/12\/equipo-ingelyt-barcelona.jpg\" alt=\"\" width=\"480\" height=\"452\" \/><figcaption class=\"caption wp-caption-text\">Equip Barcelona<\/figcaption><\/figure>\n<p>Disposa d\u2019una plantilla de m\u00e9s de 30 professionals, 60% dels quals disposen de titulaci\u00f3 superior, i una estabilitat laboral de m\u00e9s del 95%, INGELYT es considera una empresa jove, amb una edat mitja inferior als 40 anys, tot aix\u00f2 sense renunciar a l\u2019experi\u00e8ncia aportada pels treballadors m\u00e9s veterans i s\u00f3n aquests factors els que aporten una vitalitat i ganes de superaci\u00f3 que ens fa estar en constant evoluci\u00f3.<\/p>\n<p>El mercat no s\u2019ha desenvolupat \u00fanicament mitjan\u00e7ant empreses espanyoles o estrangeres assentades a Espanya, sin\u00f3 que ha esdevingut d\u2019oferir serveis a empreses nacionals i multinacionals ubicades fora de les nostres fronteres.<\/p>\n<p>Amb instal\u00b7lacions realitzades a Europa, EEUU, Am\u00e8rica del Sud, Am\u00e8rica Central i \u00c0sia, INGELYT ha fet un salt qualitatiu en aquest mercats tan exigents i, a la vegada tan competitius, aprenent a realitzar les tasques amb personal despla\u00e7at sense perdre, per aix\u00f2, la seva vocaci\u00f3 de servei.<\/p>\n","protected":false},"excerpt":{"rendered":"<p>El personal d\u2019INGELYT, altament preparat, est\u00e0 en constant evoluci\u00f3 per tal d\u2019adaptar-se a les noves expectatives creades pel mercat. &nbsp; Disposa d\u2019una plantilla de m\u00e9s de 30 professionals, 60% dels quals disposen de titulaci\u00f3 superior, i una estabilitat laboral de [&#8230;]<\/p>\n","protected":false},"author":1,"featured_media":0,"parent":0,"menu_order":0,"comment_status":"closed","ping_status":"closed","template":"equipo.php","meta":{"footnotes":""},"class_list":["post-293","page","type-page","status-publish","hentry"],"yoast_head":"<!-- This site is optimized with the Yoast SEO plugin v24.0 - https:\/\/yoast.com\/wordpress\/plugins\/seo\/ -->\n<title>Equip - Enginyeria de sales blanques - Enginyeria de sales blanques - Consultoria Farmac\u00e8utica - Ingelyt<\/title>\n<meta name=\"description\" content=\"Ingelyt est\u00e0 format per professionals amb una alta qualificaci\u00f3 i experi\u00e8ncia en Equipaments per a la enginyeria e instal\u00b7laci\u00f3 de sales blanques i consultoria farmac\u00e8utica.\" \/>\n<meta name=\"robots\" content=\"index, follow, max-snippet:-1, max-image-preview:large, max-video-preview:-1\" \/>\n<link rel=\"canonical\" href=\"https:\/\/ingelyt.com\/cat\/equip\/\" \/>\n<meta property=\"og:locale\" content=\"ca_ES\" \/>\n<meta property=\"og:type\" content=\"article\" \/>\n<meta property=\"og:title\" content=\"Equip - Enginyeria de sales blanques - Enginyeria de sales blanques - Consultoria Farmac\u00e8utica - Ingelyt\" \/>\n<meta property=\"og:description\" content=\"Ingelyt est\u00e0 format per professionals amb una alta qualificaci\u00f3 i experi\u00e8ncia en Equipaments per a la enginyeria e instal\u00b7laci\u00f3 de sales blanques i consultoria farmac\u00e8utica.\" \/>\n<meta property=\"og:url\" content=\"https:\/\/ingelyt.com\/cat\/equip\/\" \/>\n<meta property=\"og:site_name\" content=\"Enginyeria de sales blanques - Consultoria Farmac\u00e8utica - Ingelyt\" \/>\n<meta property=\"article:modified_time\" content=\"2019-09-27T07:07:53+00:00\" \/>\n<meta property=\"og:image\" content=\"http:\/\/ingelyt.com\/cat\/wp-content\/uploads\/sites\/6\/2015\/12\/equipo-ingelyt.jpg\" \/>\n<meta name=\"twitter:card\" content=\"summary_large_image\" \/>\n<meta name=\"twitter:label1\" content=\"Est. reading time\" \/>\n\t<meta name=\"twitter:data1\" content=\"1 minute\" \/>\n<script type=\"application\/ld+json\" class=\"yoast-schema-graph\">{\"@context\":\"https:\/\/schema.org\",\"@graph\":[{\"@type\":\"WebPage\",\"@id\":\"https:\/\/ingelyt.com\/cat\/equip\/\",\"url\":\"https:\/\/ingelyt.com\/cat\/equip\/\",\"name\":\"Equip - Enginyeria de sales blanques - Enginyeria de sales blanques - Consultoria Farmac\u00e8utica - Ingelyt\",\"isPartOf\":{\"@id\":\"https:\/\/ingelyt.com\/cat\/#website\"},\"primaryImageOfPage\":{\"@id\":\"https:\/\/ingelyt.com\/cat\/equip\/#primaryimage\"},\"image\":{\"@id\":\"https:\/\/ingelyt.com\/cat\/equip\/#primaryimage\"},\"thumbnailUrl\":\"http:\/\/ingelyt.com\/cat\/wp-content\/uploads\/sites\/6\/2015\/12\/equipo-ingelyt.jpg\",\"datePublished\":\"2015-12-16T11:20:42+00:00\",\"dateModified\":\"2019-09-27T07:07:53+00:00\",\"description\":\"Ingelyt est\u00e0 format per professionals amb una alta qualificaci\u00f3 i experi\u00e8ncia en Equipaments per a la enginyeria e instal\u00b7laci\u00f3 de sales blanques i consultoria farmac\u00e8utica.\",\"breadcrumb\":{\"@id\":\"https:\/\/ingelyt.com\/cat\/equip\/#breadcrumb\"},\"inLanguage\":\"ca\",\"potentialAction\":[{\"@type\":\"ReadAction\",\"target\":[\"https:\/\/ingelyt.com\/cat\/equip\/\"]}]},{\"@type\":\"ImageObject\",\"inLanguage\":\"ca\",\"@id\":\"https:\/\/ingelyt.com\/cat\/equip\/#primaryimage\",\"url\":\"http:\/\/ingelyt.com\/cat\/wp-content\/uploads\/sites\/6\/2015\/12\/equipo-ingelyt.jpg\",\"contentUrl\":\"http:\/\/ingelyt.com\/cat\/wp-content\/uploads\/sites\/6\/2015\/12\/equipo-ingelyt.jpg\"},{\"@type\":\"BreadcrumbList\",\"@id\":\"https:\/\/ingelyt.com\/cat\/equip\/#breadcrumb\",\"itemListElement\":[{\"@type\":\"ListItem\",\"position\":1,\"name\":\"Inici\",\"item\":\"https:\/\/ingelyt.com\/cat\/\"},{\"@type\":\"ListItem\",\"position\":2,\"name\":\"Equip\"}]},{\"@type\":\"WebSite\",\"@id\":\"https:\/\/ingelyt.com\/cat\/#website\",\"url\":\"https:\/\/ingelyt.com\/cat\/\",\"name\":\"Enginyeria de sales blanques - Consultoria Farmac\u00e8utica - Ingelyt\",\"description\":\"Otro sitio m\u00e1s de Ingelyt\",\"potentialAction\":[{\"@type\":\"SearchAction\",\"target\":{\"@type\":\"EntryPoint\",\"urlTemplate\":\"https:\/\/ingelyt.com\/cat\/?s={search_term_string}\"},\"query-input\":{\"@type\":\"PropertyValueSpecification\",\"valueRequired\":true,\"valueName\":\"search_term_string\"}}],\"inLanguage\":\"ca\"}]}<\/script>\n<!-- \/ Yoast SEO plugin. -->","yoast_head_json":{"title":"Equip - Enginyeria de sales blanques - Enginyeria de sales blanques - Consultoria Farmac\u00e8utica - Ingelyt","description":"Ingelyt est\u00e0 format per professionals amb una alta qualificaci\u00f3 i experi\u00e8ncia en Equipaments per a la enginyeria e instal\u00b7laci\u00f3 de sales blanques i consultoria farmac\u00e8utica.","robots":{"index":"index","follow":"follow","max-snippet":"max-snippet:-1","max-image-preview":"max-image-preview:large","max-video-preview":"max-video-preview:-1"},"canonical":"https:\/\/ingelyt.com\/cat\/equip\/","og_locale":"ca_ES","og_type":"article","og_title":"Equip - Enginyeria de sales blanques - Enginyeria de sales blanques - Consultoria Farmac\u00e8utica - Ingelyt","og_description":"Ingelyt est\u00e0 format per professionals amb una alta qualificaci\u00f3 i experi\u00e8ncia en Equipaments per a la enginyeria e instal\u00b7laci\u00f3 de sales blanques i consultoria farmac\u00e8utica.","og_url":"https:\/\/ingelyt.com\/cat\/equip\/","og_site_name":"Enginyeria de sales blanques - Consultoria Farmac\u00e8utica - Ingelyt","article_modified_time":"2019-09-27T07:07:53+00:00","og_image":[{"url":"http:\/\/ingelyt.com\/cat\/wp-content\/uploads\/sites\/6\/2015\/12\/equipo-ingelyt.jpg","type":"","width":"","height":""}],"twitter_card":"summary_large_image","twitter_misc":{"Est. reading time":"1 minute"},"schema":{"@context":"https:\/\/schema.org","@graph":[{"@type":"WebPage","@id":"https:\/\/ingelyt.com\/cat\/equip\/","url":"https:\/\/ingelyt.com\/cat\/equip\/","name":"Equip - Enginyeria de sales blanques - Enginyeria de sales blanques - Consultoria Farmac\u00e8utica - Ingelyt","isPartOf":{"@id":"https:\/\/ingelyt.com\/cat\/#website"},"primaryImageOfPage":{"@id":"https:\/\/ingelyt.com\/cat\/equip\/#primaryimage"},"image":{"@id":"https:\/\/ingelyt.com\/cat\/equip\/#primaryimage"},"thumbnailUrl":"http:\/\/ingelyt.com\/cat\/wp-content\/uploads\/sites\/6\/2015\/12\/equipo-ingelyt.jpg","datePublished":"2015-12-16T11:20:42+00:00","dateModified":"2019-09-27T07:07:53+00:00","description":"Ingelyt est\u00e0 format per professionals amb una alta qualificaci\u00f3 i experi\u00e8ncia en Equipaments per a la enginyeria e instal\u00b7laci\u00f3 de sales blanques i consultoria farmac\u00e8utica.","breadcrumb":{"@id":"https:\/\/ingelyt.com\/cat\/equip\/#breadcrumb"},"inLanguage":"ca","potentialAction":[{"@type":"ReadAction","target":["https:\/\/ingelyt.com\/cat\/equip\/"]}]},{"@type":"ImageObject","inLanguage":"ca","@id":"https:\/\/ingelyt.com\/cat\/equip\/#primaryimage","url":"http:\/\/ingelyt.com\/cat\/wp-content\/uploads\/sites\/6\/2015\/12\/equipo-ingelyt.jpg","contentUrl":"http:\/\/ingelyt.com\/cat\/wp-content\/uploads\/sites\/6\/2015\/12\/equipo-ingelyt.jpg"},{"@type":"BreadcrumbList","@id":"https:\/\/ingelyt.com\/cat\/equip\/#breadcrumb","itemListElement":[{"@type":"ListItem","position":1,"name":"Inici","item":"https:\/\/ingelyt.com\/cat\/"},{"@type":"ListItem","position":2,"name":"Equip"}]},{"@type":"WebSite","@id":"https:\/\/ingelyt.com\/cat\/#website","url":"https:\/\/ingelyt.com\/cat\/","name":"Enginyeria de sales blanques - Consultoria Farmac\u00e8utica - Ingelyt","description":"Otro sitio m\u00e1s de Ingelyt","potentialAction":[{"@type":"SearchAction","target":{"@type":"EntryPoint","urlTemplate":"https:\/\/ingelyt.com\/cat\/?s={search_term_string}"},"query-input":{"@type":"PropertyValueSpecification","valueRequired":true,"valueName":"search_term_string"}}],"inLanguage":"ca"}]}},"_links":{"self":[{"href":"https:\/\/ingelyt.com\/cat\/wp-json\/wp\/v2\/pages\/293","targetHints":{"allow":["GET"]}}],"collection":[{"href":"https:\/\/ingelyt.com\/cat\/wp-json\/wp\/v2\/pages"}],"about":[{"href":"https:\/\/ingelyt.com\/cat\/wp-json\/wp\/v2\/types\/page"}],"author":[{"embeddable":true,"href":"https:\/\/ingelyt.com\/cat\/wp-json\/wp\/v2\/users\/1"}],"replies":[{"embeddable":true,"href":"https:\/\/ingelyt.com\/cat\/wp-json\/wp\/v2\/comments?post=293"}],"version-history":[{"count":5,"href":"https:\/\/ingelyt.com\/cat\/wp-json\/wp\/v2\/pages\/293\/revisions"}],"predecessor-version":[{"id":689,"href":"https:\/\/ingelyt.com\/cat\/wp-json\/wp\/v2\/pages\/293\/revisions\/689"}],"wp:attachment":[{"href":"https:\/\/ingelyt.com\/cat\/wp-json\/wp\/v2\/media?parent=293"}],"curies":[{"name":"wp","href":"https:\/\/api.w.org\/{rel}","templated":true}]}}