{"id":686,"date":"2017-05-30T11:25:08","date_gmt":"2017-05-30T11:25:08","guid":{"rendered":"http:\/\/ingelyt.com\/cat\/?page_id=686"},"modified":"2017-05-30T11:25:38","modified_gmt":"2017-05-30T11:25:38","slug":"gracies-per-subscriuret","status":"publish","type":"page","link":"http:\/\/ingelyt.com\/cat\/gracies-per-subscriuret\/","title":{"rendered":"Gr\u00e0cies per subscriure&#8217;t"},"content":{"rendered":"<p>Gr\u00e0cies, la seva sol\u00b7licitud d&#8217;inscripci\u00f3 s&#8217;ha realitzat correctament! Revisa la teva b\u00fastia de correu electr\u00f2nic.<\/p>\n","protected":false},"excerpt":{"rendered":"<p>Gr\u00e0cies, la seva sol\u00b7licitud d&#8217;inscripci\u00f3 s&#8217;ha realitzat correctament! Revisa la teva b\u00fastia de correu electr\u00f2nic.<\/p>\n","protected":false},"author":1,"featured_media":0,"parent":0,"menu_order":0,"comment_status":"closed","ping_status":"closed","template":"","meta":{"footnotes":""},"class_list":["post-686","page","type-page","status-publish","hentry"],"yoast_head":"<!-- This site is optimized with the Yoast SEO plugin v24.0 - https:\/\/yoast.com\/wordpress\/plugins\/seo\/ -->\n<title>Gr\u00e0cies per subscriure&#039;t - Enginyeria de sales blanques - Enginyeria de sales blanques - Consultoria Farmac\u00e8utica - Ingelyt<\/title>\n<meta name=\"description\" content=\"Ingelyt el formem professionals amb una gran qualificaci\u00f3 i experi\u00e8ncia en Gr\u00e0cies per subscriure&#039;t per a la enginyeria e instal\u00b7laci\u00f3 de sales blanques i consultoria farmac\u00e8utica\" \/>\n<meta name=\"robots\" content=\"index, follow, max-snippet:-1, max-image-preview:large, max-video-preview:-1\" \/>\n<link rel=\"canonical\" href=\"https:\/\/ingelyt.com\/cat\/gracies-per-subscriuret\/\" \/>\n<meta property=\"og:locale\" content=\"ca_ES\" \/>\n<meta property=\"og:type\" content=\"article\" \/>\n<meta property=\"og:title\" content=\"Gr\u00e0cies per subscriure&#039;t - Enginyeria de sales blanques - Enginyeria de sales blanques - Consultoria Farmac\u00e8utica - Ingelyt\" \/>\n<meta property=\"og:description\" content=\"Ingelyt el formem professionals amb una gran qualificaci\u00f3 i experi\u00e8ncia en Gr\u00e0cies per subscriure&#039;t per a la enginyeria e instal\u00b7laci\u00f3 de sales blanques i consultoria farmac\u00e8utica\" \/>\n<meta property=\"og:url\" content=\"https:\/\/ingelyt.com\/cat\/gracies-per-subscriuret\/\" \/>\n<meta property=\"og:site_name\" content=\"Enginyeria de sales blanques - Consultoria Farmac\u00e8utica - Ingelyt\" \/>\n<meta property=\"article:modified_time\" content=\"2017-05-30T11:25:38+00:00\" \/>\n<meta name=\"twitter:card\" content=\"summary_large_image\" \/>\n<script type=\"application\/ld+json\" class=\"yoast-schema-graph\">{\"@context\":\"https:\/\/schema.org\",\"@graph\":[{\"@type\":\"WebPage\",\"@id\":\"https:\/\/ingelyt.com\/cat\/gracies-per-subscriuret\/\",\"url\":\"https:\/\/ingelyt.com\/cat\/gracies-per-subscriuret\/\",\"name\":\"Gr\u00e0cies per subscriure't - Enginyeria de sales blanques - Enginyeria de sales blanques - Consultoria Farmac\u00e8utica - Ingelyt\",\"isPartOf\":{\"@id\":\"https:\/\/ingelyt.com\/cat\/#website\"},\"datePublished\":\"2017-05-30T11:25:08+00:00\",\"dateModified\":\"2017-05-30T11:25:38+00:00\",\"description\":\"Ingelyt el formem professionals amb una gran qualificaci\u00f3 i experi\u00e8ncia en Gr\u00e0cies per subscriure't per a la enginyeria e instal\u00b7laci\u00f3 de sales blanques i consultoria farmac\u00e8utica\",\"breadcrumb\":{\"@id\":\"https:\/\/ingelyt.com\/cat\/gracies-per-subscriuret\/#breadcrumb\"},\"inLanguage\":\"ca\",\"potentialAction\":[{\"@type\":\"ReadAction\",\"target\":[\"https:\/\/ingelyt.com\/cat\/gracies-per-subscriuret\/\"]}]},{\"@type\":\"BreadcrumbList\",\"@id\":\"https:\/\/ingelyt.com\/cat\/gracies-per-subscriuret\/#breadcrumb\",\"itemListElement\":[{\"@type\":\"ListItem\",\"position\":1,\"name\":\"Inici\",\"item\":\"https:\/\/ingelyt.com\/cat\/\"},{\"@type\":\"ListItem\",\"position\":2,\"name\":\"Gr\u00e0cies per subscriure&#8217;t\"}]},{\"@type\":\"WebSite\",\"@id\":\"https:\/\/ingelyt.com\/cat\/#website\",\"url\":\"https:\/\/ingelyt.com\/cat\/\",\"name\":\"Enginyeria de sales blanques - Consultoria Farmac\u00e8utica - Ingelyt\",\"description\":\"Otro sitio m\u00e1s de Ingelyt\",\"potentialAction\":[{\"@type\":\"SearchAction\",\"target\":{\"@type\":\"EntryPoint\",\"urlTemplate\":\"https:\/\/ingelyt.com\/cat\/?s={search_term_string}\"},\"query-input\":{\"@type\":\"PropertyValueSpecification\",\"valueRequired\":true,\"valueName\":\"search_term_string\"}}],\"inLanguage\":\"ca\"}]}<\/script>\n<!-- \/ Yoast SEO plugin. -->","yoast_head_json":{"title":"Gr\u00e0cies per subscriure't - Enginyeria de sales blanques - Enginyeria de sales blanques - Consultoria Farmac\u00e8utica - Ingelyt","description":"Ingelyt el formem professionals amb una gran qualificaci\u00f3 i experi\u00e8ncia en Gr\u00e0cies per subscriure't per a la enginyeria e instal\u00b7laci\u00f3 de sales blanques i consultoria farmac\u00e8utica","robots":{"index":"index","follow":"follow","max-snippet":"max-snippet:-1","max-image-preview":"max-image-preview:large","max-video-preview":"max-video-preview:-1"},"canonical":"https:\/\/ingelyt.com\/cat\/gracies-per-subscriuret\/","og_locale":"ca_ES","og_type":"article","og_title":"Gr\u00e0cies per subscriure't - Enginyeria de sales blanques - Enginyeria de sales blanques - Consultoria Farmac\u00e8utica - Ingelyt","og_description":"Ingelyt el formem professionals amb una gran qualificaci\u00f3 i experi\u00e8ncia en Gr\u00e0cies per subscriure't per a la enginyeria e instal\u00b7laci\u00f3 de sales blanques i consultoria farmac\u00e8utica","og_url":"https:\/\/ingelyt.com\/cat\/gracies-per-subscriuret\/","og_site_name":"Enginyeria de sales blanques - Consultoria Farmac\u00e8utica - Ingelyt","article_modified_time":"2017-05-30T11:25:38+00:00","twitter_card":"summary_large_image","schema":{"@context":"https:\/\/schema.org","@graph":[{"@type":"WebPage","@id":"https:\/\/ingelyt.com\/cat\/gracies-per-subscriuret\/","url":"https:\/\/ingelyt.com\/cat\/gracies-per-subscriuret\/","name":"Gr\u00e0cies per subscriure't - Enginyeria de sales blanques - Enginyeria de sales blanques - Consultoria Farmac\u00e8utica - Ingelyt","isPartOf":{"@id":"https:\/\/ingelyt.com\/cat\/#website"},"datePublished":"2017-05-30T11:25:08+00:00","dateModified":"2017-05-30T11:25:38+00:00","description":"Ingelyt el formem professionals amb una gran qualificaci\u00f3 i experi\u00e8ncia en Gr\u00e0cies per subscriure't per a la enginyeria e instal\u00b7laci\u00f3 de sales blanques i consultoria farmac\u00e8utica","breadcrumb":{"@id":"https:\/\/ingelyt.com\/cat\/gracies-per-subscriuret\/#breadcrumb"},"inLanguage":"ca","potentialAction":[{"@type":"ReadAction","target":["https:\/\/ingelyt.com\/cat\/gracies-per-subscriuret\/"]}]},{"@type":"BreadcrumbList","@id":"https:\/\/ingelyt.com\/cat\/gracies-per-subscriuret\/#breadcrumb","itemListElement":[{"@type":"ListItem","position":1,"name":"Inici","item":"https:\/\/ingelyt.com\/cat\/"},{"@type":"ListItem","position":2,"name":"Gr\u00e0cies per subscriure&#8217;t"}]},{"@type":"WebSite","@id":"https:\/\/ingelyt.com\/cat\/#website","url":"https:\/\/ingelyt.com\/cat\/","name":"Enginyeria de sales blanques - Consultoria Farmac\u00e8utica - Ingelyt","description":"Otro sitio m\u00e1s de Ingelyt","potentialAction":[{"@type":"SearchAction","target":{"@type":"EntryPoint","urlTemplate":"https:\/\/ingelyt.com\/cat\/?s={search_term_string}"},"query-input":{"@type":"PropertyValueSpecification","valueRequired":true,"valueName":"search_term_string"}}],"inLanguage":"ca"}]}},"_links":{"self":[{"href":"http:\/\/ingelyt.com\/cat\/wp-json\/wp\/v2\/pages\/686","targetHints":{"allow":["GET"]}}],"collection":[{"href":"http:\/\/ingelyt.com\/cat\/wp-json\/wp\/v2\/pages"}],"about":[{"href":"http:\/\/ingelyt.com\/cat\/wp-json\/wp\/v2\/types\/page"}],"author":[{"embeddable":true,"href":"http:\/\/ingelyt.com\/cat\/wp-json\/wp\/v2\/users\/1"}],"replies":[{"embeddable":true,"href":"http:\/\/ingelyt.com\/cat\/wp-json\/wp\/v2\/comments?post=686"}],"version-history":[{"count":1,"href":"http:\/\/ingelyt.com\/cat\/wp-json\/wp\/v2\/pages\/686\/revisions"}],"predecessor-version":[{"id":687,"href":"http:\/\/ingelyt.com\/cat\/wp-json\/wp\/v2\/pages\/686\/revisions\/687"}],"wp:attachment":[{"href":"http:\/\/ingelyt.com\/cat\/wp-json\/wp\/v2\/media?parent=686"}],"curies":[{"name":"wp","href":"https:\/\/api.w.org\/{rel}","templated":true}]}}