{"id":670,"date":"2017-02-23T12:53:27","date_gmt":"2017-02-23T12:53:27","guid":{"rendered":"http:\/\/ingelyt.com\/cat\/?page_id=670"},"modified":"2017-02-23T12:56:56","modified_gmt":"2017-02-23T12:56:56","slug":"gracies-per-contactar","status":"publish","type":"page","link":"http:\/\/ingelyt.com\/cat\/gracies-per-contactar\/","title":{"rendered":"Gracies per contactar"},"content":{"rendered":"<p>Hem rebut el seu missatge correctament. Revisarem la seva petici\u00f3 i ens posarem en contacte amb vost\u00e8. Moltes gr\u00e0cies.<\/p>\n<p>Una cordial salutaci\u00f3 de part de l&#8217;equip de Ingelyt.<\/p>\n","protected":false},"excerpt":{"rendered":"<p>Hem rebut el seu missatge correctament. Revisarem la seva petici\u00f3 i ens posarem en contacte amb vost\u00e8. Moltes gr\u00e0cies. Una cordial salutaci\u00f3 de part de l&#8217;equip de Ingelyt.<\/p>\n","protected":false},"author":1,"featured_media":0,"parent":0,"menu_order":0,"comment_status":"closed","ping_status":"closed","template":"","meta":{"footnotes":""},"class_list":["post-670","page","type-page","status-publish","hentry"],"yoast_head":"<!-- This site is optimized with the Yoast SEO plugin v24.0 - https:\/\/yoast.com\/wordpress\/plugins\/seo\/ -->\n<title>Gracies per contactar - Enginyeria de sales blanques - Enginyeria de sales blanques - Consultoria Farmac\u00e8utica - Ingelyt<\/title>\n<meta name=\"description\" content=\"Ingelyt el formem professionals amb una gran qualificaci\u00f3 i experi\u00e8ncia en Gracies per contactar per a la enginyeria e instal\u00b7laci\u00f3 de sales blanques i consultoria farmac\u00e8utica\" \/>\n<meta name=\"robots\" content=\"index, follow, max-snippet:-1, max-image-preview:large, max-video-preview:-1\" \/>\n<link rel=\"canonical\" href=\"https:\/\/ingelyt.com\/cat\/gracies-per-contactar\/\" \/>\n<meta property=\"og:locale\" content=\"ca_ES\" \/>\n<meta property=\"og:type\" content=\"article\" \/>\n<meta property=\"og:title\" content=\"Gracies per contactar - Enginyeria de sales blanques - Enginyeria de sales blanques - Consultoria Farmac\u00e8utica - Ingelyt\" \/>\n<meta property=\"og:description\" content=\"Ingelyt el formem professionals amb una gran qualificaci\u00f3 i experi\u00e8ncia en Gracies per contactar per a la enginyeria e instal\u00b7laci\u00f3 de sales blanques i consultoria farmac\u00e8utica\" \/>\n<meta property=\"og:url\" content=\"https:\/\/ingelyt.com\/cat\/gracies-per-contactar\/\" \/>\n<meta property=\"og:site_name\" content=\"Enginyeria de sales blanques - Consultoria Farmac\u00e8utica - Ingelyt\" \/>\n<meta property=\"article:modified_time\" content=\"2017-02-23T12:56:56+00:00\" \/>\n<meta name=\"twitter:card\" content=\"summary_large_image\" \/>\n<script type=\"application\/ld+json\" class=\"yoast-schema-graph\">{\"@context\":\"https:\/\/schema.org\",\"@graph\":[{\"@type\":\"WebPage\",\"@id\":\"https:\/\/ingelyt.com\/cat\/gracies-per-contactar\/\",\"url\":\"https:\/\/ingelyt.com\/cat\/gracies-per-contactar\/\",\"name\":\"Gracies per contactar - Enginyeria de sales blanques - Enginyeria de sales blanques - Consultoria Farmac\u00e8utica - Ingelyt\",\"isPartOf\":{\"@id\":\"https:\/\/ingelyt.com\/cat\/#website\"},\"datePublished\":\"2017-02-23T12:53:27+00:00\",\"dateModified\":\"2017-02-23T12:56:56+00:00\",\"description\":\"Ingelyt el formem professionals amb una gran qualificaci\u00f3 i experi\u00e8ncia en Gracies per contactar per a la enginyeria e instal\u00b7laci\u00f3 de sales blanques i consultoria farmac\u00e8utica\",\"breadcrumb\":{\"@id\":\"https:\/\/ingelyt.com\/cat\/gracies-per-contactar\/#breadcrumb\"},\"inLanguage\":\"ca\",\"potentialAction\":[{\"@type\":\"ReadAction\",\"target\":[\"https:\/\/ingelyt.com\/cat\/gracies-per-contactar\/\"]}]},{\"@type\":\"BreadcrumbList\",\"@id\":\"https:\/\/ingelyt.com\/cat\/gracies-per-contactar\/#breadcrumb\",\"itemListElement\":[{\"@type\":\"ListItem\",\"position\":1,\"name\":\"Inici\",\"item\":\"https:\/\/ingelyt.com\/cat\/\"},{\"@type\":\"ListItem\",\"position\":2,\"name\":\"Gracies per contactar\"}]},{\"@type\":\"WebSite\",\"@id\":\"https:\/\/ingelyt.com\/cat\/#website\",\"url\":\"https:\/\/ingelyt.com\/cat\/\",\"name\":\"Enginyeria de sales blanques - Consultoria Farmac\u00e8utica - Ingelyt\",\"description\":\"Otro sitio m\u00e1s de Ingelyt\",\"potentialAction\":[{\"@type\":\"SearchAction\",\"target\":{\"@type\":\"EntryPoint\",\"urlTemplate\":\"https:\/\/ingelyt.com\/cat\/?s={search_term_string}\"},\"query-input\":{\"@type\":\"PropertyValueSpecification\",\"valueRequired\":true,\"valueName\":\"search_term_string\"}}],\"inLanguage\":\"ca\"}]}<\/script>\n<!-- \/ Yoast SEO plugin. -->","yoast_head_json":{"title":"Gracies per contactar - Enginyeria de sales blanques - Enginyeria de sales blanques - Consultoria Farmac\u00e8utica - Ingelyt","description":"Ingelyt el formem professionals amb una gran qualificaci\u00f3 i experi\u00e8ncia en Gracies per contactar per a la enginyeria e instal\u00b7laci\u00f3 de sales blanques i consultoria farmac\u00e8utica","robots":{"index":"index","follow":"follow","max-snippet":"max-snippet:-1","max-image-preview":"max-image-preview:large","max-video-preview":"max-video-preview:-1"},"canonical":"https:\/\/ingelyt.com\/cat\/gracies-per-contactar\/","og_locale":"ca_ES","og_type":"article","og_title":"Gracies per contactar - Enginyeria de sales blanques - Enginyeria de sales blanques - Consultoria Farmac\u00e8utica - Ingelyt","og_description":"Ingelyt el formem professionals amb una gran qualificaci\u00f3 i experi\u00e8ncia en Gracies per contactar per a la enginyeria e instal\u00b7laci\u00f3 de sales blanques i consultoria farmac\u00e8utica","og_url":"https:\/\/ingelyt.com\/cat\/gracies-per-contactar\/","og_site_name":"Enginyeria de sales blanques - Consultoria Farmac\u00e8utica - Ingelyt","article_modified_time":"2017-02-23T12:56:56+00:00","twitter_card":"summary_large_image","schema":{"@context":"https:\/\/schema.org","@graph":[{"@type":"WebPage","@id":"https:\/\/ingelyt.com\/cat\/gracies-per-contactar\/","url":"https:\/\/ingelyt.com\/cat\/gracies-per-contactar\/","name":"Gracies per contactar - Enginyeria de sales blanques - Enginyeria de sales blanques - Consultoria Farmac\u00e8utica - Ingelyt","isPartOf":{"@id":"https:\/\/ingelyt.com\/cat\/#website"},"datePublished":"2017-02-23T12:53:27+00:00","dateModified":"2017-02-23T12:56:56+00:00","description":"Ingelyt el formem professionals amb una gran qualificaci\u00f3 i experi\u00e8ncia en Gracies per contactar per a la enginyeria e instal\u00b7laci\u00f3 de sales blanques i consultoria farmac\u00e8utica","breadcrumb":{"@id":"https:\/\/ingelyt.com\/cat\/gracies-per-contactar\/#breadcrumb"},"inLanguage":"ca","potentialAction":[{"@type":"ReadAction","target":["https:\/\/ingelyt.com\/cat\/gracies-per-contactar\/"]}]},{"@type":"BreadcrumbList","@id":"https:\/\/ingelyt.com\/cat\/gracies-per-contactar\/#breadcrumb","itemListElement":[{"@type":"ListItem","position":1,"name":"Inici","item":"https:\/\/ingelyt.com\/cat\/"},{"@type":"ListItem","position":2,"name":"Gracies per contactar"}]},{"@type":"WebSite","@id":"https:\/\/ingelyt.com\/cat\/#website","url":"https:\/\/ingelyt.com\/cat\/","name":"Enginyeria de sales blanques - Consultoria Farmac\u00e8utica - Ingelyt","description":"Otro sitio m\u00e1s de Ingelyt","potentialAction":[{"@type":"SearchAction","target":{"@type":"EntryPoint","urlTemplate":"https:\/\/ingelyt.com\/cat\/?s={search_term_string}"},"query-input":{"@type":"PropertyValueSpecification","valueRequired":true,"valueName":"search_term_string"}}],"inLanguage":"ca"}]}},"_links":{"self":[{"href":"http:\/\/ingelyt.com\/cat\/wp-json\/wp\/v2\/pages\/670","targetHints":{"allow":["GET"]}}],"collection":[{"href":"http:\/\/ingelyt.com\/cat\/wp-json\/wp\/v2\/pages"}],"about":[{"href":"http:\/\/ingelyt.com\/cat\/wp-json\/wp\/v2\/types\/page"}],"author":[{"embeddable":true,"href":"http:\/\/ingelyt.com\/cat\/wp-json\/wp\/v2\/users\/1"}],"replies":[{"embeddable":true,"href":"http:\/\/ingelyt.com\/cat\/wp-json\/wp\/v2\/comments?post=670"}],"version-history":[{"count":2,"href":"http:\/\/ingelyt.com\/cat\/wp-json\/wp\/v2\/pages\/670\/revisions"}],"predecessor-version":[{"id":672,"href":"http:\/\/ingelyt.com\/cat\/wp-json\/wp\/v2\/pages\/670\/revisions\/672"}],"wp:attachment":[{"href":"http:\/\/ingelyt.com\/cat\/wp-json\/wp\/v2\/media?parent=670"}],"curies":[{"name":"wp","href":"https:\/\/api.w.org\/{rel}","templated":true}]}}